{"id":31365,"date":"2024-12-26T17:09:07","date_gmt":"2024-12-26T16:09:07","guid":{"rendered":"https:\/\/www.atta45.se\/e-butik\/?post_type=product&#038;p=31365"},"modified":"2025-10-28T05:27:59","modified_gmt":"2025-10-28T04:27:59","slug":"eu-flagga-240-x-150-cm","status":"publish","type":"product","link":"https:\/\/www.atta45.se\/e-butik\/produkt\/eu-flagga-240-x-150-cm\/","title":{"rendered":"Flagga EU (240 x 150 cm)"},"content":{"rendered":"<p>EU flagga i 170 g mjukv\u00e4vd polyester som r\u00f6r sig fint i vinden. God h\u00e5llbarhet. Levereras med karbinhakar och f\u00f6rst\u00e4rkta ytterh\u00f6rnor. 3 s\u00f6mmar runt flaggan. <\/p>\n<p>Generella rekommendationer f\u00f6r att ha hela och fr\u00e4scha flaggor \u00e4r att planera f\u00f6r 3-4 flaggor per flaggst\u00e5ng och \u00e5r.<\/p>\n","protected":false},"excerpt":{"rendered":"<p>EU flagga i 170 g mjukv\u00e4vd polyester som r\u00f6r sig fint i vinden. God h\u00e5llbarhet. Levereras med karbinhakar och f\u00f6rst\u00e4rkta ytterh\u00f6rnor. 3 s\u00f6mmar runt flaggan. Generella rekommendationer f\u00f6r att ha hela och fr\u00e4scha flaggor \u00e4r att planera f\u00f6r 3-4 flaggor per flaggst\u00e5ng och \u00e5r.<\/p>\n","protected":false},"featured_media":31366,"template":"","meta":{"_acf_changed":false,"_seopress_robots_primary_cat":"","_seopress_titles_title":"","_seopress_titles_desc":"","_seopress_robots_index":""},"product_brand":[],"product_cat":[15],"product_tag":[],"class_list":{"0":"post-31365","1":"product","2":"type-product","3":"status-publish","4":"has-post-thumbnail","6":"product_cat-okategoriserad","7":"atta45_taxonomy-trading-expo-event-flaggor-sv","8":"atta45_taxonomy-expo-event-flaggor-sv","9":"atta45_taxonomy-nyheter-sv","10":"atta45_taxonomy-expo-event-utomhusflaggor-sv","12":"first","13":"instock","14":"taxable","15":"shipping-taxable","16":"purchasable","17":"product-type-variable"},"acf":[],"_links":{"self":[{"href":"https:\/\/www.atta45.se\/e-butik\/wp-json\/wp\/v2\/product\/31365","targetHints":{"allow":["GET"]}}],"collection":[{"href":"https:\/\/www.atta45.se\/e-butik\/wp-json\/wp\/v2\/product"}],"about":[{"href":"https:\/\/www.atta45.se\/e-butik\/wp-json\/wp\/v2\/types\/product"}],"wp:featuredmedia":[{"embeddable":true,"href":"https:\/\/www.atta45.se\/e-butik\/wp-json\/wp\/v2\/media\/31366"}],"wp:attachment":[{"href":"https:\/\/www.atta45.se\/e-butik\/wp-json\/wp\/v2\/media?parent=31365"}],"wp:term":[{"taxonomy":"product_brand","embeddable":true,"href":"https:\/\/www.atta45.se\/e-butik\/wp-json\/wp\/v2\/product_brand?post=31365"},{"taxonomy":"product_cat","embeddable":true,"href":"https:\/\/www.atta45.se\/e-butik\/wp-json\/wp\/v2\/product_cat?post=31365"},{"taxonomy":"product_tag","embeddable":true,"href":"https:\/\/www.atta45.se\/e-butik\/wp-json\/wp\/v2\/product_tag?post=31365"}],"curies":[{"name":"wp","href":"https:\/\/api.w.org\/{rel}","templated":true}]}}