{"id":31341,"date":"2024-12-26T17:08:49","date_gmt":"2024-12-26T16:08:49","guid":{"rendered":"https:\/\/www.atta45.se\/e-butik\/?post_type=product&#038;p=31341"},"modified":"2025-10-28T04:25:17","modified_gmt":"2025-10-28T03:25:17","slug":"windtracker-flagga-150x400-cm","status":"publish","type":"product","link":"https:\/\/www.atta45.se\/e-butik\/produkt\/windtracker-flagga-150x400-cm\/","title":{"rendered":"Flagga Windtracker  150&#215;400 cm"},"content":{"rendered":"<p>Windtracker flagga, tillverkad i 120 g polyester. Kanalsydd f\u00f6r windtracker-armen och f\u00f6rst\u00e4rkt med kantband, \u00f6ljetter och kabinhake. Digitaltryck p\u00e5 en sida (genomtryck).<\/p>\n<p>Som standard \u00e4r kanalen 5 cm i diameter.<\/p>\n","protected":false},"excerpt":{"rendered":"<p>Windtracker flagga, tillverkad i 120 g polyester. Kanalsydd f\u00f6r windtracker-armen och f\u00f6rst\u00e4rkt med kantband, \u00f6ljetter och kabinhake. Digitaltryck p\u00e5 en sida (genomtryck). Som standard \u00e4r kanalen 5 cm i diameter.<\/p>\n","protected":false},"featured_media":31342,"template":"","meta":{"_acf_changed":false,"_seopress_robots_primary_cat":"","_seopress_titles_title":"","_seopress_titles_desc":"","_seopress_robots_index":""},"product_brand":[],"product_cat":[15],"product_tag":[],"class_list":{"0":"post-31341","1":"product","2":"type-product","3":"status-publish","4":"has-post-thumbnail","6":"product_cat-okategoriserad","7":"atta45_taxonomy-expo-event-flaggor-sv","8":"atta45_taxonomy-trading-expo-event-flaggor-sv","9":"atta45_taxonomy-expo-event-utomhusflaggor-sv","11":"first","12":"instock","13":"taxable","14":"shipping-taxable","15":"purchasable","16":"product-type-variable"},"acf":[],"_links":{"self":[{"href":"https:\/\/www.atta45.se\/e-butik\/wp-json\/wp\/v2\/product\/31341","targetHints":{"allow":["GET"]}}],"collection":[{"href":"https:\/\/www.atta45.se\/e-butik\/wp-json\/wp\/v2\/product"}],"about":[{"href":"https:\/\/www.atta45.se\/e-butik\/wp-json\/wp\/v2\/types\/product"}],"wp:featuredmedia":[{"embeddable":true,"href":"https:\/\/www.atta45.se\/e-butik\/wp-json\/wp\/v2\/media\/31342"}],"wp:attachment":[{"href":"https:\/\/www.atta45.se\/e-butik\/wp-json\/wp\/v2\/media?parent=31341"}],"wp:term":[{"taxonomy":"product_brand","embeddable":true,"href":"https:\/\/www.atta45.se\/e-butik\/wp-json\/wp\/v2\/product_brand?post=31341"},{"taxonomy":"product_cat","embeddable":true,"href":"https:\/\/www.atta45.se\/e-butik\/wp-json\/wp\/v2\/product_cat?post=31341"},{"taxonomy":"product_tag","embeddable":true,"href":"https:\/\/www.atta45.se\/e-butik\/wp-json\/wp\/v2\/product_tag?post=31341"}],"curies":[{"name":"wp","href":"https:\/\/api.w.org\/{rel}","templated":true}]}}