{"id":31311,"date":"2024-12-26T17:08:26","date_gmt":"2024-12-26T16:08:26","guid":{"rendered":"https:\/\/www.atta45.se\/e-butik\/?post_type=product&#038;p=31311"},"modified":"2025-10-28T04:21:18","modified_gmt":"2025-10-28T03:21:18","slug":"supporterflagga-50-x-70-cm","status":"publish","type":"product","link":"https:\/\/www.atta45.se\/e-butik\/produkt\/supporterflagga-50-x-70-cm\/","title":{"rendered":"Flagga supporter (50 x 70 cm)"},"content":{"rendered":"<p>Flaggan digitaltrycks p\u00e5 stickad polyester med genomtryck.<br \/>P\u00e5 v\u00e4nster sida sys en kanal med \u00d830mm med st\u00e4ngd topp och de andra sidorna \u00e4r f\u00e5llade.<\/p>\n","protected":false},"excerpt":{"rendered":"<p>Flaggan digitaltrycks p\u00e5 stickad polyester med genomtryck.P\u00e5 v\u00e4nster sida sys en kanal med \u00d830mm med st\u00e4ngd topp och de andra sidorna \u00e4r f\u00e5llade.<\/p>\n","protected":false},"featured_media":31312,"template":"","meta":{"_acf_changed":false,"_seopress_robots_primary_cat":"","_seopress_titles_title":"","_seopress_titles_desc":"","_seopress_robots_index":""},"product_brand":[],"product_cat":[15],"product_tag":[],"class_list":{"0":"post-31311","1":"product","2":"type-product","3":"status-publish","4":"has-post-thumbnail","6":"product_cat-okategoriserad","7":"atta45_taxonomy-trading-expo-event-flaggor-sv","8":"atta45_taxonomy-expo-event-flaggor-sv","9":"atta45_taxonomy-expo-event-smaflaggor-smaflaggor-sv","11":"first","12":"instock","13":"taxable","14":"shipping-taxable","15":"purchasable","16":"product-type-variable"},"acf":[],"_links":{"self":[{"href":"https:\/\/www.atta45.se\/e-butik\/wp-json\/wp\/v2\/product\/31311","targetHints":{"allow":["GET"]}}],"collection":[{"href":"https:\/\/www.atta45.se\/e-butik\/wp-json\/wp\/v2\/product"}],"about":[{"href":"https:\/\/www.atta45.se\/e-butik\/wp-json\/wp\/v2\/types\/product"}],"wp:featuredmedia":[{"embeddable":true,"href":"https:\/\/www.atta45.se\/e-butik\/wp-json\/wp\/v2\/media\/31312"}],"wp:attachment":[{"href":"https:\/\/www.atta45.se\/e-butik\/wp-json\/wp\/v2\/media?parent=31311"}],"wp:term":[{"taxonomy":"product_brand","embeddable":true,"href":"https:\/\/www.atta45.se\/e-butik\/wp-json\/wp\/v2\/product_brand?post=31311"},{"taxonomy":"product_cat","embeddable":true,"href":"https:\/\/www.atta45.se\/e-butik\/wp-json\/wp\/v2\/product_cat?post=31311"},{"taxonomy":"product_tag","embeddable":true,"href":"https:\/\/www.atta45.se\/e-butik\/wp-json\/wp\/v2\/product_tag?post=31311"}],"curies":[{"name":"wp","href":"https:\/\/api.w.org\/{rel}","templated":true}]}}