{"id":3117,"date":"2020-01-09T10:04:07","date_gmt":"2020-01-09T09:04:07","guid":{"rendered":"https:\/\/flipptryck.a-demo.se\/?post_type=product&#038;p=3117"},"modified":"2025-12-11T22:55:24","modified_gmt":"2025-12-11T21:55:24","slug":"blad-flyer","status":"publish","type":"product","link":"https:\/\/www.atta45.se\/e-butik\/produkt\/blad-flyer\/","title":{"rendered":"Blad\/Flyer"},"content":{"rendered":"","protected":false},"excerpt":{"rendered":"<h1>Best\u00e4lla flyer<\/h1>\n<p>Vill du sprida ditt budskap eller erbjudande till m\u00e5nga m\u00e4nniskor samtidigt? Att dela ut flygblad, reklamblad eller flyers p\u00e5 en m\u00e4ssa eller ett event kan f\u00e5 stor genomslagskraft.<\/p>\n<p>Det \u00e4r l\u00e4tt att drunkna i alla digitala fl\u00f6den. Ett smart s\u00e4tt att undvika det \u00e4r att \u00e4ven sprida sitt budskap och varum\u00e4rke IRL. Med snyggt designade produktblad eller informationsblad f\u00e5ngar du m\u00e4nniskors uppm\u00e4rksamhet d\u00e4r de befinner sig just nu.<\/p>\n<p>Att trycka reklamblad och flyers \u00e4r en del av v\u00e5r k\u00e4rnverksamhet. V\u00e5r moderna maskinpark \u00e4r optimerad f\u00f6r produktion av flygblad och flyers. D\u00e4rf\u00f6r kan vi erbjuda marknadens vassaste priser p\u00e5 flyers och reklamblad.<\/p>\n<h2>Sprid ditt budskap \u2013 dela ut flyers, flygblad eller produktblad<\/h2>\n<p>Har du fr\u00e5gor n\u00e5r du oss snabbt via chattfunktionen l\u00e4ngst ner till h\u00f6ger p\u00e5 den h\u00e4r sidan.<br \/>\nV\u00e5r e-handel inneh\u00e5ller en m\u00e4ngd produktsidor. Hittar du inte det du s\u00f6ker kan du enkelt beg\u00e4ra en offert via knappen nedan. Vi svarar snabbt och ger dig den support du beh\u00f6ver.<br \/>\nCTA-knapp: Jag vill ha en offert<\/p>\n<h2>Flygblad, reklamblad och flyers sprider ditt budskap effektivt<\/h2>\n<p>Sprid informationsblad d\u00e4r ditt sortiment, dina tj\u00e4nster och din verksamhet presenteras. Flyers \u00e4r perfekta att dela ut p\u00e5 m\u00e4ssor och event och kan n\u00e5 en stor spridning.<\/p>\n<p>Med ett snyggt designat reklamblad kan du snabbt f\u00e5nga dina potentiella kunders uppm\u00e4rksamhet. Dessutom f\u00e5r kunderna med sig informationen hem.<\/p>\n<h2>Tryck ditt budskap p\u00e5 en eller b\u00e5da sidorna av flyern<\/h2>\n<p>Reklamblad kan inspirera och attrahera! Och trycker du p\u00e5 b\u00e5da sidorna av reklambladet f\u00e5r du plats med mycket information om din verksamhet och de tj\u00e4nster du erbjuder. Men ett tips: Tryck inte in f\u00f6r mycket text p\u00e5 framsidan. Ha tillr\u00e4ckligt stort typsnitt och luft p\u00e5 sidan s\u00e5 att ditt budskap syns tydligt och f\u00e5ngar blicken.<\/p>\n<p>Vi p\u00e5 \u00c5tta45 har l\u00e5ng och gedigen erfarenhet av att trycka flyers och har utrustning som \u00e4r optimal f\u00f6r snabb och kostnadseffektiv produktion av flyers med b\u00e4sta m\u00f6jliga f\u00e4rg\u00e5tergivning.<\/p>\n<h2>Kund, kvalitet och klimat \u2013 ledord f\u00f6r oss p\u00e5 \u00c5tta45<\/h2>\n<p>Kunden i fr\u00e4msta rummet. \u00c5tta45 Tryckeri har funnits sedan 1999 och v\u00e5r m\u00e5ls\u00e4ttning \u00e4r att alltid prioritera dig som kund. Vi vill att du ska k\u00e4nna dig trygg och omh\u00e4ndertagen n\u00e4r du v\u00e4nder dig till oss. Din best\u00e4llning ska hanteras p\u00e5 ett smidigt, enkelt och kostnadseffektivt s\u00e4tt.<\/p>\n<p>Vi tummar inte p\u00e5 kvaliteten. V\u00e5rt tryckeri i Stockholm \u00e4r Skandinaviens modernaste och har kapacitet att producera trycksaker med h\u00f6gsta kvalitet och f\u00e4rg\u00e5tergivning. Vi jobbar st\u00e4ndigt med att kvalitetss\u00e4kra hela v\u00e5r tillverkningsprocess.<\/p>\n<p>Klimatet i fokus. All v\u00e5r produktion \u00e4r certifierad enligt CGP (Certifierad Grafisk Produktion) vilket s\u00e4kerst\u00e4ller att din trycksak, oavsett om det \u00e4r en omfattande broschyr eller en flyer, h\u00e5ller h\u00f6gsta kvalitet.<\/p>\n<h2>Vi klimatkompenserar din flyer eller ditt flygblad<\/h2>\n<p>Vill du milj\u00f6m\u00e4rka dina trycksaker? D\u00e5 har du valt r\u00e4tt tryckeri. Allt det vi producerar \u00e4r milj\u00f6v\u00e4nligt och har h\u00f6g \u00e5tervinningsgrad, och allt som kommer ut ur v\u00e5ra tryckpressar och som du best\u00e4ller h\u00e4r i e-butiken \u00e4r klimatkompenserat.<\/p>\n<p>\u00c5tta45 Tryckeri \u00e4r det f\u00f6rsta tryckeriet i Sverige som fick licens f\u00f6r Svanen. S\u00e5 om du vill m\u00e4rka dina trycksaker med Svanen, f\u00f6rser vi dig g\u00e4rna med v\u00e5r Svanen-logotyp.<\/p>\n<p>Dessutom klimatkompenserar vi i samarbete med South Pole, en av v\u00e4rldens ledande utvecklare av klimatprojekt. Vi f\u00f6rser dig g\u00e4rna med en ClimateCalc-logotype med QR-kod som visar att produkten \u00e4r klimatkompenserad.<\/p>\n","protected":false},"featured_media":11610,"template":"","meta":{"_acf_changed":false,"_seopress_robots_primary_cat":"none","_seopress_titles_title":"Flyers och reklamblad till bra priser | \u00c5tta.45 Tryckeri","_seopress_titles_desc":"Flygblad, reklamblad och flyers sprider ditt budskap effektivt. Ett av marknadens vassaste priser p\u00e5 att trycka flygblad och flyers. Alltid h\u00f6gsta kvalitet!","_seopress_robots_index":""},"product_brand":[],"product_cat":[15,110,98],"product_tag":[],"class_list":{"0":"post-3117","1":"product","2":"type-product","3":"status-publish","4":"has-post-thumbnail","6":"product_cat-okategoriserad","7":"product_cat-butiksmaterial","8":"product_cat-trycksaker","10":"first","11":"instock","12":"taxable","13":"shipping-taxable","14":"purchasable","15":"product-type-variable","16":"has-default-attributes"},"acf":[],"_links":{"self":[{"href":"https:\/\/www.atta45.se\/e-butik\/wp-json\/wp\/v2\/product\/3117","targetHints":{"allow":["GET"]}}],"collection":[{"href":"https:\/\/www.atta45.se\/e-butik\/wp-json\/wp\/v2\/product"}],"about":[{"href":"https:\/\/www.atta45.se\/e-butik\/wp-json\/wp\/v2\/types\/product"}],"wp:featuredmedia":[{"embeddable":true,"href":"https:\/\/www.atta45.se\/e-butik\/wp-json\/wp\/v2\/media\/11610"}],"wp:attachment":[{"href":"https:\/\/www.atta45.se\/e-butik\/wp-json\/wp\/v2\/media?parent=3117"}],"wp:term":[{"taxonomy":"product_brand","embeddable":true,"href":"https:\/\/www.atta45.se\/e-butik\/wp-json\/wp\/v2\/product_brand?post=3117"},{"taxonomy":"product_cat","embeddable":true,"href":"https:\/\/www.atta45.se\/e-butik\/wp-json\/wp\/v2\/product_cat?post=3117"},{"taxonomy":"product_tag","embeddable":true,"href":"https:\/\/www.atta45.se\/e-butik\/wp-json\/wp\/v2\/product_tag?post=3117"}],"curies":[{"name":"wp","href":"https:\/\/api.w.org\/{rel}","templated":true}]}}