{"id":31154,"date":"2024-12-26T17:04:29","date_gmt":"2024-12-26T16:04:29","guid":{"rendered":"https:\/\/www.atta45.se\/e-butik\/?post_type=product&#038;p=31154"},"modified":"2025-10-28T03:09:41","modified_gmt":"2025-10-28T02:09:41","slug":"festivalband-i-tyvek","status":"publish","type":"product","link":"https:\/\/www.atta45.se\/e-butik\/produkt\/festivalband-i-tyvek\/","title":{"rendered":"Festivalband i Tyvek"},"content":{"rendered":"<p>Tyvekband \u00e4r vattenresistenta, slitstarka, l\u00e4tta och enkla att montera, vilket g\u00f6r dem optimala f\u00f6r ditt event.<\/p>\n","protected":false},"excerpt":{"rendered":"<p>Tyvekband \u00e4r vattenresistenta, slitstarka, l\u00e4tta och enkla att montera, vilket g\u00f6r dem optimala f\u00f6r ditt event.<\/p>\n","protected":false},"featured_media":31155,"template":"","meta":{"_acf_changed":false,"_seopress_robots_primary_cat":"","_seopress_titles_title":"","_seopress_titles_desc":"","_seopress_robots_index":""},"product_brand":[],"product_cat":[15],"product_tag":[],"class_list":{"0":"post-31154","1":"product","2":"type-product","3":"status-publish","4":"has-post-thumbnail","6":"product_cat-okategoriserad","7":"atta45_taxonomy-expo-event-festivalband-sv","8":"atta45_taxonomy-tema-inspiration-varumarken-ycp-sv","10":"first","11":"instock","12":"taxable","13":"shipping-taxable","14":"purchasable","15":"product-type-variable"},"acf":[],"_links":{"self":[{"href":"https:\/\/www.atta45.se\/e-butik\/wp-json\/wp\/v2\/product\/31154","targetHints":{"allow":["GET"]}}],"collection":[{"href":"https:\/\/www.atta45.se\/e-butik\/wp-json\/wp\/v2\/product"}],"about":[{"href":"https:\/\/www.atta45.se\/e-butik\/wp-json\/wp\/v2\/types\/product"}],"wp:featuredmedia":[{"embeddable":true,"href":"https:\/\/www.atta45.se\/e-butik\/wp-json\/wp\/v2\/media\/31155"}],"wp:attachment":[{"href":"https:\/\/www.atta45.se\/e-butik\/wp-json\/wp\/v2\/media?parent=31154"}],"wp:term":[{"taxonomy":"product_brand","embeddable":true,"href":"https:\/\/www.atta45.se\/e-butik\/wp-json\/wp\/v2\/product_brand?post=31154"},{"taxonomy":"product_cat","embeddable":true,"href":"https:\/\/www.atta45.se\/e-butik\/wp-json\/wp\/v2\/product_cat?post=31154"},{"taxonomy":"product_tag","embeddable":true,"href":"https:\/\/www.atta45.se\/e-butik\/wp-json\/wp\/v2\/product_tag?post=31154"}],"curies":[{"name":"wp","href":"https:\/\/api.w.org\/{rel}","templated":true}]}}