{"id":31148,"date":"2024-12-26T17:04:24","date_gmt":"2024-12-26T16:04:24","guid":{"rendered":"https:\/\/www.atta45.se\/e-butik\/?post_type=product&#038;p=31148"},"modified":"2025-10-28T04:50:48","modified_gmt":"2025-10-28T03:50:48","slug":"xpo-poster-stand-a3","status":"publish","type":"product","link":"https:\/\/www.atta45.se\/e-butik\/produkt\/xpo-poster-stand-a3\/","title":{"rendered":"Informationsst\u00e4ll XPO Poster Stand A3"},"content":{"rendered":"<p>Justerbart st\u00e4ll med A3 sn\u00e4ppram,liggande eller st\u00e5ende. Justerbar h\u00f6jd 90-130 cm, \u00d8 28\/25 mm. Sn\u00e4ppramen \u00e4r justerbar i alla vinklar. kromad metall fot &amp; teleskopsr\u00f6r. Vikt 5 kg. Levereras 1 st i karong.<\/p>\n","protected":false},"excerpt":{"rendered":"<p>Justerbart st\u00e4ll med A3 sn\u00e4ppram,liggande eller st\u00e5ende. Justerbar h\u00f6jd 90-130 cm, \u00d8 28\/25 mm. Sn\u00e4ppramen \u00e4r justerbar i alla vinklar. kromad metall fot &amp; teleskopsr\u00f6r. Vikt 5 kg. Levereras 1 st i karong.<\/p>\n","protected":false},"featured_media":31149,"template":"","meta":{"_acf_changed":false,"_seopress_robots_primary_cat":"","_seopress_titles_title":"","_seopress_titles_desc":"","_seopress_robots_index":""},"product_brand":[],"product_cat":[15],"product_tag":[],"class_list":{"0":"post-31148","1":"product","2":"type-product","3":"status-publish","4":"has-post-thumbnail","6":"product_cat-okategoriserad","7":"atta45_taxonomy-expo-event-broschyrstall-sv","9":"first","10":"instock","11":"taxable","12":"shipping-taxable","13":"purchasable","14":"product-type-variable"},"acf":[],"_links":{"self":[{"href":"https:\/\/www.atta45.se\/e-butik\/wp-json\/wp\/v2\/product\/31148","targetHints":{"allow":["GET"]}}],"collection":[{"href":"https:\/\/www.atta45.se\/e-butik\/wp-json\/wp\/v2\/product"}],"about":[{"href":"https:\/\/www.atta45.se\/e-butik\/wp-json\/wp\/v2\/types\/product"}],"wp:featuredmedia":[{"embeddable":true,"href":"https:\/\/www.atta45.se\/e-butik\/wp-json\/wp\/v2\/media\/31149"}],"wp:attachment":[{"href":"https:\/\/www.atta45.se\/e-butik\/wp-json\/wp\/v2\/media?parent=31148"}],"wp:term":[{"taxonomy":"product_brand","embeddable":true,"href":"https:\/\/www.atta45.se\/e-butik\/wp-json\/wp\/v2\/product_brand?post=31148"},{"taxonomy":"product_cat","embeddable":true,"href":"https:\/\/www.atta45.se\/e-butik\/wp-json\/wp\/v2\/product_cat?post=31148"},{"taxonomy":"product_tag","embeddable":true,"href":"https:\/\/www.atta45.se\/e-butik\/wp-json\/wp\/v2\/product_tag?post=31148"}],"curies":[{"name":"wp","href":"https:\/\/api.w.org\/{rel}","templated":true}]}}