{"id":31136,"date":"2024-12-26T17:04:15","date_gmt":"2024-12-26T16:04:15","guid":{"rendered":"https:\/\/www.atta45.se\/e-butik\/?post_type=product&#038;p=31136"},"modified":"2025-10-28T04:50:21","modified_gmt":"2025-10-28T03:50:21","slug":"ambiente-stall-a3-horisontalt","status":"publish","type":"product","link":"https:\/\/www.atta45.se\/e-butik\/produkt\/ambiente-stall-a3-horisontalt\/","title":{"rendered":"Broschyrst\u00e4ll Ambiente st\u00e4ll A3 horisontalt"},"content":{"rendered":"<p>Broschyrst\u00e4ll i aluminium med en tung fot f\u00f6r god stabilitet. Fack i starkt polykarbonat. V\u00e4lj liggande eller st\u00e5ende A3. Levereras 1 st i kartong.<\/p>\n","protected":false},"excerpt":{"rendered":"<p>Broschyrst\u00e4ll i aluminium med en tung fot f\u00f6r god stabilitet. Fack i starkt polykarbonat. V\u00e4lj liggande eller st\u00e5ende A3. Levereras 1 st i kartong.<\/p>\n","protected":false},"featured_media":31137,"template":"","meta":{"_acf_changed":false,"_seopress_robots_primary_cat":"","_seopress_titles_title":"","_seopress_titles_desc":"","_seopress_robots_index":""},"product_brand":[],"product_cat":[15],"product_tag":[],"class_list":{"0":"post-31136","1":"product","2":"type-product","3":"status-publish","4":"has-post-thumbnail","6":"product_cat-okategoriserad","7":"atta45_taxonomy-expo-event-broschyrstall-sv","9":"first","10":"instock","11":"taxable","12":"shipping-taxable","13":"purchasable","14":"product-type-variable"},"acf":[],"_links":{"self":[{"href":"https:\/\/www.atta45.se\/e-butik\/wp-json\/wp\/v2\/product\/31136","targetHints":{"allow":["GET"]}}],"collection":[{"href":"https:\/\/www.atta45.se\/e-butik\/wp-json\/wp\/v2\/product"}],"about":[{"href":"https:\/\/www.atta45.se\/e-butik\/wp-json\/wp\/v2\/types\/product"}],"wp:featuredmedia":[{"embeddable":true,"href":"https:\/\/www.atta45.se\/e-butik\/wp-json\/wp\/v2\/media\/31137"}],"wp:attachment":[{"href":"https:\/\/www.atta45.se\/e-butik\/wp-json\/wp\/v2\/media?parent=31136"}],"wp:term":[{"taxonomy":"product_brand","embeddable":true,"href":"https:\/\/www.atta45.se\/e-butik\/wp-json\/wp\/v2\/product_brand?post=31136"},{"taxonomy":"product_cat","embeddable":true,"href":"https:\/\/www.atta45.se\/e-butik\/wp-json\/wp\/v2\/product_cat?post=31136"},{"taxonomy":"product_tag","embeddable":true,"href":"https:\/\/www.atta45.se\/e-butik\/wp-json\/wp\/v2\/product_tag?post=31136"}],"curies":[{"name":"wp","href":"https:\/\/api.w.org\/{rel}","templated":true}]}}