{"id":31112,"date":"2024-12-26T17:03:56","date_gmt":"2024-12-26T16:03:56","guid":{"rendered":"https:\/\/www.atta45.se\/e-butik\/?post_type=product&#038;p=31112"},"modified":"2025-10-28T04:49:25","modified_gmt":"2025-10-28T03:49:25","slug":"delux-vikbart-stall","status":"publish","type":"product","link":"https:\/\/www.atta45.se\/e-butik\/produkt\/delux-vikbart-stall\/","title":{"rendered":"Broschyrst\u00e4ll Delux vikbart st\u00e4ll"},"content":{"rendered":"<p>Broschyrst\u00e4ll Delux. Exkluisivt och b\u00e4rbart i en stabil konstruktion. Av st\u00e5l och aluminium med fack i akrylplexiglas, broschyrerna kan vara kvar i facken n\u00e4r st\u00e4llet f\u00e4lls ihop. Storlek 28 x 35 x 150 cm, 4 fack i A4-storlek (23,5&#215;34 cm). Foten kan f\u00f6rses med logo. Levereras i en svart nylonv\u00e4ska, vikt 8 kg. Levereras 1 st i kartong. Tryckyta 23&#215;37 cm.<\/p>\n","protected":false},"excerpt":{"rendered":"<p>Broschyrst\u00e4ll Delux. Exkluisivt och b\u00e4rbart i en stabil konstruktion. Av st\u00e5l och aluminium med fack i akrylplexiglas, broschyrerna kan vara kvar i facken n\u00e4r st\u00e4llet f\u00e4lls ihop. Storlek 28 x 35 x 150 cm, 4 fack i A4-storlek (23,5&#215;34 cm). Foten kan f\u00f6rses med logo. Levereras i en svart nylonv\u00e4ska, vikt 8 kg. Levereras 1 [&hellip;]<\/p>\n","protected":false},"featured_media":31113,"template":"","meta":{"_acf_changed":false,"_seopress_robots_primary_cat":"","_seopress_titles_title":"","_seopress_titles_desc":"","_seopress_robots_index":""},"product_brand":[],"product_cat":[15],"product_tag":[],"class_list":{"0":"post-31112","1":"product","2":"type-product","3":"status-publish","4":"has-post-thumbnail","6":"product_cat-okategoriserad","7":"atta45_taxonomy-expo-event-broschyrstall-sv","9":"first","10":"instock","11":"taxable","12":"shipping-taxable","13":"purchasable","14":"product-type-variable"},"acf":[],"_links":{"self":[{"href":"https:\/\/www.atta45.se\/e-butik\/wp-json\/wp\/v2\/product\/31112","targetHints":{"allow":["GET"]}}],"collection":[{"href":"https:\/\/www.atta45.se\/e-butik\/wp-json\/wp\/v2\/product"}],"about":[{"href":"https:\/\/www.atta45.se\/e-butik\/wp-json\/wp\/v2\/types\/product"}],"wp:featuredmedia":[{"embeddable":true,"href":"https:\/\/www.atta45.se\/e-butik\/wp-json\/wp\/v2\/media\/31113"}],"wp:attachment":[{"href":"https:\/\/www.atta45.se\/e-butik\/wp-json\/wp\/v2\/media?parent=31112"}],"wp:term":[{"taxonomy":"product_brand","embeddable":true,"href":"https:\/\/www.atta45.se\/e-butik\/wp-json\/wp\/v2\/product_brand?post=31112"},{"taxonomy":"product_cat","embeddable":true,"href":"https:\/\/www.atta45.se\/e-butik\/wp-json\/wp\/v2\/product_cat?post=31112"},{"taxonomy":"product_tag","embeddable":true,"href":"https:\/\/www.atta45.se\/e-butik\/wp-json\/wp\/v2\/product_tag?post=31112"}],"curies":[{"name":"wp","href":"https:\/\/api.w.org\/{rel}","templated":true}]}}