{"id":31106,"date":"2024-12-26T17:03:52","date_gmt":"2024-12-26T16:03:52","guid":{"rendered":"https:\/\/www.atta45.se\/e-butik\/?post_type=product&#038;p=31106"},"modified":"2025-10-28T04:49:11","modified_gmt":"2025-10-28T03:49:11","slug":"smart-vikbart-stall","status":"publish","type":"product","link":"https:\/\/www.atta45.se\/e-butik\/produkt\/smart-vikbart-stall\/","title":{"rendered":"Broschyrst\u00e4ll Smart vikbart st\u00e4ll"},"content":{"rendered":"<p>Smart och hopf\u00e4llbart broschyrst\u00e4ll helt i aluminium. Storlek 27 x 145 cm uppf\u00e4llt, 6 fack i A4-storlek. Levereras i en metallv\u00e4ska 18 x 43 x 33 cm, vikt 8 kg Levereras 1 st i kartong.<\/p>\n","protected":false},"excerpt":{"rendered":"<p>Smart och hopf\u00e4llbart broschyrst\u00e4ll helt i aluminium. Storlek 27 x 145 cm uppf\u00e4llt, 6 fack i A4-storlek. Levereras i en metallv\u00e4ska 18 x 43 x 33 cm, vikt 8 kg Levereras 1 st i kartong.<\/p>\n","protected":false},"featured_media":31107,"template":"","meta":{"_acf_changed":false,"_seopress_robots_primary_cat":"","_seopress_titles_title":"","_seopress_titles_desc":"","_seopress_robots_index":""},"product_brand":[],"product_cat":[15],"product_tag":[],"class_list":{"0":"post-31106","1":"product","2":"type-product","3":"status-publish","4":"has-post-thumbnail","6":"product_cat-okategoriserad","7":"atta45_taxonomy-expo-event-broschyrstall-sv","9":"first","10":"instock","11":"taxable","12":"shipping-taxable","13":"purchasable","14":"product-type-variable"},"acf":[],"_links":{"self":[{"href":"https:\/\/www.atta45.se\/e-butik\/wp-json\/wp\/v2\/product\/31106","targetHints":{"allow":["GET"]}}],"collection":[{"href":"https:\/\/www.atta45.se\/e-butik\/wp-json\/wp\/v2\/product"}],"about":[{"href":"https:\/\/www.atta45.se\/e-butik\/wp-json\/wp\/v2\/types\/product"}],"wp:featuredmedia":[{"embeddable":true,"href":"https:\/\/www.atta45.se\/e-butik\/wp-json\/wp\/v2\/media\/31107"}],"wp:attachment":[{"href":"https:\/\/www.atta45.se\/e-butik\/wp-json\/wp\/v2\/media?parent=31106"}],"wp:term":[{"taxonomy":"product_brand","embeddable":true,"href":"https:\/\/www.atta45.se\/e-butik\/wp-json\/wp\/v2\/product_brand?post=31106"},{"taxonomy":"product_cat","embeddable":true,"href":"https:\/\/www.atta45.se\/e-butik\/wp-json\/wp\/v2\/product_cat?post=31106"},{"taxonomy":"product_tag","embeddable":true,"href":"https:\/\/www.atta45.se\/e-butik\/wp-json\/wp\/v2\/product_tag?post=31106"}],"curies":[{"name":"wp","href":"https:\/\/api.w.org\/{rel}","templated":true}]}}