{"id":31100,"date":"2024-12-26T17:03:48","date_gmt":"2024-12-26T16:03:48","guid":{"rendered":"https:\/\/www.atta45.se\/e-butik\/?post_type=product&#038;p=31100"},"modified":"2025-10-28T04:48:58","modified_gmt":"2025-10-28T03:48:58","slug":"dubbel-natstall","status":"publish","type":"product","link":"https:\/\/www.atta45.se\/e-butik\/produkt\/dubbel-natstall\/","title":{"rendered":"Broschyrst\u00e4ll Dubbel n\u00e4tst\u00e4ll"},"content":{"rendered":"<p>Broschyrst\u00e4ll med 4 eller 8 fack i A4-storlek i carbon nylon. Elegant fot i kromad aluminium. En portabel modell som tar v\u00e4ldigt liten plats n\u00e4r det \u00e4r ihopf\u00e4llt. Transportv\u00e4ska inkluderad. Vikt ca 1-1,5 kg. Storlek singel 37x28x137 cm och dubbel 37x65x137 cm. Levereras 1 st i kartong.<\/p>\n","protected":false},"excerpt":{"rendered":"<p>Broschyrst\u00e4ll med 4 eller 8 fack i A4-storlek i carbon nylon. Elegant fot i kromad aluminium. En portabel modell som tar v\u00e4ldigt liten plats n\u00e4r det \u00e4r ihopf\u00e4llt. Transportv\u00e4ska inkluderad. Vikt ca 1-1,5 kg. Storlek singel 37x28x137 cm och dubbel 37x65x137 cm. Levereras 1 st i kartong.<\/p>\n","protected":false},"featured_media":31101,"template":"","meta":{"_acf_changed":false,"_seopress_robots_primary_cat":"","_seopress_titles_title":"","_seopress_titles_desc":"","_seopress_robots_index":""},"product_brand":[],"product_cat":[15],"product_tag":[],"class_list":{"0":"post-31100","1":"product","2":"type-product","3":"status-publish","4":"has-post-thumbnail","6":"product_cat-okategoriserad","7":"atta45_taxonomy-expo-event-broschyrstall-sv","9":"first","10":"instock","11":"taxable","12":"shipping-taxable","13":"purchasable","14":"product-type-variable"},"acf":[],"_links":{"self":[{"href":"https:\/\/www.atta45.se\/e-butik\/wp-json\/wp\/v2\/product\/31100","targetHints":{"allow":["GET"]}}],"collection":[{"href":"https:\/\/www.atta45.se\/e-butik\/wp-json\/wp\/v2\/product"}],"about":[{"href":"https:\/\/www.atta45.se\/e-butik\/wp-json\/wp\/v2\/types\/product"}],"wp:featuredmedia":[{"embeddable":true,"href":"https:\/\/www.atta45.se\/e-butik\/wp-json\/wp\/v2\/media\/31101"}],"wp:attachment":[{"href":"https:\/\/www.atta45.se\/e-butik\/wp-json\/wp\/v2\/media?parent=31100"}],"wp:term":[{"taxonomy":"product_brand","embeddable":true,"href":"https:\/\/www.atta45.se\/e-butik\/wp-json\/wp\/v2\/product_brand?post=31100"},{"taxonomy":"product_cat","embeddable":true,"href":"https:\/\/www.atta45.se\/e-butik\/wp-json\/wp\/v2\/product_cat?post=31100"},{"taxonomy":"product_tag","embeddable":true,"href":"https:\/\/www.atta45.se\/e-butik\/wp-json\/wp\/v2\/product_tag?post=31100"}],"curies":[{"name":"wp","href":"https:\/\/api.w.org\/{rel}","templated":true}]}}