{"id":309505,"date":"2025-04-17T09:34:15","date_gmt":"2025-04-17T07:34:15","guid":{"rendered":"https:\/\/www.atta45.se\/e-butik\/produkt\/gentlemen-unisex-sleeveless-sweater\/"},"modified":"2025-10-28T01:01:14","modified_gmt":"2025-10-28T00:01:14","slug":"gentlemen-unisex-sleeveless-sweater","status":"publish","type":"product","link":"https:\/\/www.atta45.se\/e-butik\/produkt\/gentlemen-unisex-sleeveless-sweater\/","title":{"rendered":"\u00c4rml\u00f6s tr\u00f6ja, V\u00e4st, Unisex, Gentlemen"},"content":{"rendered":"<p>UNISEX SLEEVELESS SWEATER (GENTLEMEN)<\/p>\n<p>Cut &amp; style remain essential<br \/>Excellent quality<br \/>Unisex thanks to its wide sizes range, intended for women (2XS-XS) as well as for men (S-3XL)<br \/>Intended for corporate operations<\/p>\n<p>Gauge 12 &#8211; 49% cotton, 49% acrylic, 2% polyamide<br \/>Elastane rib 1&#215;1 armholes and waist band for a better comfort<br \/>Fully fashioned armholes<br \/>Straight fit<br \/>KNITWEAR 225 g\/pc<br \/>Available in: XXS &#8211; 3XL<\/p>\n","protected":false},"excerpt":{"rendered":"<p>UNISEX SLEEVELESS SWEATER (GENTLEMEN) Cut &amp; style remain essentialExcellent qualityUnisex thanks to its wide sizes range, intended for women (2XS-XS) as well as for men (S-3XL)Intended for corporate operations Gauge 12 &#8211; 49% cotton, 49% acrylic, 2% polyamideElastane rib 1&#215;1 armholes and waist band for a better comfortFully fashioned armholesStraight fitKNITWEAR 225 g\/pcAvailable in: XXS [&hellip;]<\/p>\n","protected":false},"featured_media":309506,"template":"","meta":{"_acf_changed":false,"_seopress_robots_primary_cat":"","_seopress_titles_title":"","_seopress_titles_desc":"","_seopress_robots_index":""},"product_brand":[],"product_cat":[15],"product_tag":[],"class_list":{"0":"post-309505","1":"product","2":"type-product","3":"status-publish","4":"has-post-thumbnail","6":"product_cat-okategoriserad","7":"atta45_taxonomy-textil-kontor-foretag-sv","8":"atta45_taxonomy-textil-sweatshirts-collegetrojor-sv","10":"first","11":"instock","12":"taxable","13":"shipping-taxable","14":"purchasable","15":"product-type-variable"},"acf":[],"_links":{"self":[{"href":"https:\/\/www.atta45.se\/e-butik\/wp-json\/wp\/v2\/product\/309505","targetHints":{"allow":["GET"]}}],"collection":[{"href":"https:\/\/www.atta45.se\/e-butik\/wp-json\/wp\/v2\/product"}],"about":[{"href":"https:\/\/www.atta45.se\/e-butik\/wp-json\/wp\/v2\/types\/product"}],"wp:featuredmedia":[{"embeddable":true,"href":"https:\/\/www.atta45.se\/e-butik\/wp-json\/wp\/v2\/media\/309506"}],"wp:attachment":[{"href":"https:\/\/www.atta45.se\/e-butik\/wp-json\/wp\/v2\/media?parent=309505"}],"wp:term":[{"taxonomy":"product_brand","embeddable":true,"href":"https:\/\/www.atta45.se\/e-butik\/wp-json\/wp\/v2\/product_brand?post=309505"},{"taxonomy":"product_cat","embeddable":true,"href":"https:\/\/www.atta45.se\/e-butik\/wp-json\/wp\/v2\/product_cat?post=309505"},{"taxonomy":"product_tag","embeddable":true,"href":"https:\/\/www.atta45.se\/e-butik\/wp-json\/wp\/v2\/product_tag?post=309505"}],"curies":[{"name":"wp","href":"https:\/\/api.w.org\/{rel}","templated":true}]}}