{"id":3095,"date":"2020-01-08T15:53:16","date_gmt":"2020-01-08T14:53:16","guid":{"rendered":"https:\/\/flipptryck.a-demo.se\/?post_type=product&#038;p=3095"},"modified":"2025-12-12T15:00:10","modified_gmt":"2025-12-12T14:00:10","slug":"banderoll","status":"publish","type":"product","link":"https:\/\/www.atta45.se\/e-butik\/produkt\/banderoll\/","title":{"rendered":"Banderoll"},"content":{"rendered":"","protected":false},"excerpt":{"rendered":"<p>Vill du synas p\u00e5 h\u00e5ll? En banderoll \u00e4r en effektiv f\u00f6rmedlare av budskap \u00f6ver en stor inomhusyta eller vid en f\u00f6rbifartsv\u00e4g. Produktion av vanliga banderoller tar inte mer \u00e4n n\u00e5gra dagar och vi har st\u00e4ndigt ett h\u00f6gt arbetsfl\u00f6de som du \u00e5ker med i.<\/p>\n<p>F\u00f6r inomhusbruk trycker vi p\u00e5 ett material med h\u00f6g t\u00e4thet (T\u00e4t). D\u00e5 beh\u00f6ver man inte ta h\u00e4nsyn till vindgenomsl\u00e4pp och det ger dessutom en b\u00e4ttre bild\u00e5tergivning. Utomhus anv\u00e4nder vi ett slitstarkare material (N\u00e4t Mesh) som st\u00e5r emot och sl\u00e4pper igenom vinden.<\/p>\n<p>OBS: Vi kan endast ta emot en fil per produkt. Om ni vill ladda upp fler tryckoriginal, s\u00e5 skapa en mapp som ni l\u00e4gger filerna i. Sedan komprimerar ni mappen. Vi tar emot komprimerade format s\u00e5som: zip, rar, gz och 7z.<\/p>\n","protected":false},"featured_media":4390,"template":"","meta":{"_acf_changed":false,"_seopress_robots_primary_cat":"none","_seopress_titles_title":"Slitstarka Banderoller till bra priser | \u00c5tta.45 Tryckeri","_seopress_titles_desc":"En banderoll \u00e4r perfekt till evenemang ute som inne. Banderoller kommunicerar varum\u00e4rke och budskap p\u00e5 l\u00e5ngt h\u00e5ll. Slitstarkt material som st\u00e5r emot vind l\u00e4nge.","_seopress_robots_index":""},"product_brand":[],"product_cat":[15,111,98],"product_tag":[],"class_list":{"0":"post-3095","1":"product","2":"type-product","3":"status-publish","4":"has-post-thumbnail","6":"product_cat-okategoriserad","7":"product_cat-massa","8":"product_cat-trycksaker","10":"first","11":"instock","12":"taxable","13":"shipping-taxable","14":"purchasable","15":"product-type-variable","16":"has-default-attributes"},"acf":[],"_links":{"self":[{"href":"https:\/\/www.atta45.se\/e-butik\/wp-json\/wp\/v2\/product\/3095","targetHints":{"allow":["GET"]}}],"collection":[{"href":"https:\/\/www.atta45.se\/e-butik\/wp-json\/wp\/v2\/product"}],"about":[{"href":"https:\/\/www.atta45.se\/e-butik\/wp-json\/wp\/v2\/types\/product"}],"wp:featuredmedia":[{"embeddable":true,"href":"https:\/\/www.atta45.se\/e-butik\/wp-json\/wp\/v2\/media\/4390"}],"wp:attachment":[{"href":"https:\/\/www.atta45.se\/e-butik\/wp-json\/wp\/v2\/media?parent=3095"}],"wp:term":[{"taxonomy":"product_brand","embeddable":true,"href":"https:\/\/www.atta45.se\/e-butik\/wp-json\/wp\/v2\/product_brand?post=3095"},{"taxonomy":"product_cat","embeddable":true,"href":"https:\/\/www.atta45.se\/e-butik\/wp-json\/wp\/v2\/product_cat?post=3095"},{"taxonomy":"product_tag","embeddable":true,"href":"https:\/\/www.atta45.se\/e-butik\/wp-json\/wp\/v2\/product_tag?post=3095"}],"curies":[{"name":"wp","href":"https:\/\/api.w.org\/{rel}","templated":true}]}}