{"id":30826,"date":"2024-12-26T17:01:28","date_gmt":"2024-12-26T16:01:28","guid":{"rendered":"https:\/\/www.atta45.se\/e-butik\/?post_type=product&#038;p=30826"},"modified":"2025-10-28T04:40:12","modified_gmt":"2025-10-28T03:40:12","slug":"beachflagga-premium-scoop-l","status":"publish","type":"product","link":"https:\/\/www.atta45.se\/e-butik\/produkt\/beachflagga-premium-scoop-l\/","title":{"rendered":"Beachflag Premium Scoop (L)"},"content":{"rendered":"<p>Stililga och kreativa modeller som skapar extra uppm\u00e4rksamhet f\u00f6r din kampanj. Beachflagga Scoop. Inkl flagga, mast, v\u00e4ska och XPO spike. Mast  430 cm, flagga 110&#215;381 cm.  Levereras 1 set i en svart nylonbag.<\/p>\n","protected":false},"excerpt":{"rendered":"<p>Stililga och kreativa modeller som skapar extra uppm\u00e4rksamhet f\u00f6r din kampanj. Beachflagga Scoop. Inkl flagga, mast, v\u00e4ska och XPO spike. Mast 430 cm, flagga 110&#215;381 cm. Levereras 1 set i en svart nylonbag.<\/p>\n","protected":false},"featured_media":30827,"template":"","meta":{"_acf_changed":false,"_seopress_robots_primary_cat":"","_seopress_titles_title":"","_seopress_titles_desc":"","_seopress_robots_index":""},"product_brand":[],"product_cat":[15],"product_tag":[],"class_list":{"0":"post-30826","1":"product","2":"type-product","3":"status-publish","4":"has-post-thumbnail","6":"product_cat-okategoriserad","7":"atta45_taxonomy-expo-event-beachflaggor-premium-sv","9":"first","10":"instock","11":"taxable","12":"shipping-taxable","13":"purchasable","14":"product-type-variable"},"acf":[],"_links":{"self":[{"href":"https:\/\/www.atta45.se\/e-butik\/wp-json\/wp\/v2\/product\/30826","targetHints":{"allow":["GET"]}}],"collection":[{"href":"https:\/\/www.atta45.se\/e-butik\/wp-json\/wp\/v2\/product"}],"about":[{"href":"https:\/\/www.atta45.se\/e-butik\/wp-json\/wp\/v2\/types\/product"}],"wp:featuredmedia":[{"embeddable":true,"href":"https:\/\/www.atta45.se\/e-butik\/wp-json\/wp\/v2\/media\/30827"}],"wp:attachment":[{"href":"https:\/\/www.atta45.se\/e-butik\/wp-json\/wp\/v2\/media?parent=30826"}],"wp:term":[{"taxonomy":"product_brand","embeddable":true,"href":"https:\/\/www.atta45.se\/e-butik\/wp-json\/wp\/v2\/product_brand?post=30826"},{"taxonomy":"product_cat","embeddable":true,"href":"https:\/\/www.atta45.se\/e-butik\/wp-json\/wp\/v2\/product_cat?post=30826"},{"taxonomy":"product_tag","embeddable":true,"href":"https:\/\/www.atta45.se\/e-butik\/wp-json\/wp\/v2\/product_tag?post=30826"}],"curies":[{"name":"wp","href":"https:\/\/api.w.org\/{rel}","templated":true}]}}