{"id":30754,"date":"2024-12-26T17:00:50","date_gmt":"2024-12-26T16:00:50","guid":{"rendered":"https:\/\/www.atta45.se\/e-butik\/?post_type=product&#038;p=30754"},"modified":"2025-10-28T05:24:31","modified_gmt":"2025-10-28T04:24:31","slug":"beach-flag-convex-eu","status":"publish","type":"product","link":"https:\/\/www.atta45.se\/e-butik\/produkt\/beach-flag-convex-eu\/","title":{"rendered":"Beachflag Convex (EU)"},"content":{"rendered":"<p>Beachflagga i polyester, tillverkad i Europa.<\/p>\n<p>Finns i olika former.<\/p>\n<p>Priserna inkluderar digitaltryck (c.m.y.k).<\/p>\n<p>V\u00e4ljer mellan enkelt tyglager (genomtryck) eller dubbelt, d\u00e4r olika motiv kan tryckas p\u00e5 fram\/baksida.<\/p>\n<p>Du v\u00e4ljer sj\u00e4lv vilka tillbeh\u00f6r ni \u00f6nskar s\u00e5som, st\u00e5ng, v\u00e4ska, markf\u00e4sten, mm.<\/p>\n","protected":false},"excerpt":{"rendered":"<p>Beachflagga i polyester, tillverkad i Europa. Finns i olika former. Priserna inkluderar digitaltryck (c.m.y.k). V\u00e4ljer mellan enkelt tyglager (genomtryck) eller dubbelt, d\u00e4r olika motiv kan tryckas p\u00e5 fram\/baksida. Du v\u00e4ljer sj\u00e4lv vilka tillbeh\u00f6r ni \u00f6nskar s\u00e5som, st\u00e5ng, v\u00e4ska, markf\u00e4sten, mm.<\/p>\n","protected":false},"featured_media":30755,"template":"","meta":{"_acf_changed":false,"_seopress_robots_primary_cat":"","_seopress_titles_title":"","_seopress_titles_desc":"","_seopress_robots_index":""},"product_brand":[],"product_cat":[15],"product_tag":[],"class_list":{"0":"post-30754","1":"product","2":"type-product","3":"status-publish","4":"has-post-thumbnail","6":"product_cat-okategoriserad","7":"atta45_taxonomy-expo-event-beachflaggor-express-sv","8":"atta45_taxonomy-expo-event-beachflaggor-standard-sv","10":"first","11":"instock","12":"taxable","13":"shipping-taxable","14":"purchasable","15":"product-type-variable"},"acf":[],"_links":{"self":[{"href":"https:\/\/www.atta45.se\/e-butik\/wp-json\/wp\/v2\/product\/30754","targetHints":{"allow":["GET"]}}],"collection":[{"href":"https:\/\/www.atta45.se\/e-butik\/wp-json\/wp\/v2\/product"}],"about":[{"href":"https:\/\/www.atta45.se\/e-butik\/wp-json\/wp\/v2\/types\/product"}],"wp:featuredmedia":[{"embeddable":true,"href":"https:\/\/www.atta45.se\/e-butik\/wp-json\/wp\/v2\/media\/30755"}],"wp:attachment":[{"href":"https:\/\/www.atta45.se\/e-butik\/wp-json\/wp\/v2\/media?parent=30754"}],"wp:term":[{"taxonomy":"product_brand","embeddable":true,"href":"https:\/\/www.atta45.se\/e-butik\/wp-json\/wp\/v2\/product_brand?post=30754"},{"taxonomy":"product_cat","embeddable":true,"href":"https:\/\/www.atta45.se\/e-butik\/wp-json\/wp\/v2\/product_cat?post=30754"},{"taxonomy":"product_tag","embeddable":true,"href":"https:\/\/www.atta45.se\/e-butik\/wp-json\/wp\/v2\/product_tag?post=30754"}],"curies":[{"name":"wp","href":"https:\/\/api.w.org\/{rel}","templated":true}]}}