{"id":306657,"date":"2025-04-17T05:33:13","date_gmt":"2025-04-17T03:33:13","guid":{"rendered":"https:\/\/www.atta45.se\/e-butik\/produkt\/jupiter-termos-mugg-470-ml\/"},"modified":"2025-10-27T17:45:18","modified_gmt":"2025-10-27T16:45:18","slug":"jupiter-termos-mugg-470-ml","status":"publish","type":"product","link":"https:\/\/www.atta45.se\/e-butik\/produkt\/jupiter-termos-mugg-470-ml\/","title":{"rendered":"Termos mugg Jupiter (470 ml)"},"content":{"rendered":"<p>En funktionell termisk mugg med ergonomisk form och t\u00e4t f\u00f6rsegling, vilket g\u00f6r den perfekt att ta med sig inte bara till kontoret utan \u00e4ven i bilen, ryggs\u00e4cken eller p\u00e5 en promenad. Dess svarta matta yta \u00e4r idealisk f\u00f6r att applicera sl\u00e5ende dekorationer. Jupiter termisk muggen s\u00e4ljs med en dedikerad f\u00f6rpackning.?<\/p>\n<p>Galaxy <\/p>\n","protected":false},"excerpt":{"rendered":"<p>En funktionell termisk mugg med ergonomisk form och t\u00e4t f\u00f6rsegling, vilket g\u00f6r den perfekt att ta med sig inte bara till kontoret utan \u00e4ven i bilen, ryggs\u00e4cken eller p\u00e5 en promenad. Dess svarta matta yta \u00e4r idealisk f\u00f6r att applicera sl\u00e5ende dekorationer. Jupiter termisk muggen s\u00e4ljs med en dedikerad f\u00f6rpackning.? Galaxy<\/p>\n","protected":false},"featured_media":0,"template":"","meta":{"_acf_changed":false,"_seopress_robots_primary_cat":"","_seopress_titles_title":"","_seopress_titles_desc":"","_seopress_robots_index":""},"product_brand":[],"product_cat":[15],"product_tag":[],"class_list":{"0":"post-306657","1":"product","2":"type-product","3":"status-publish","5":"product_cat-okategoriserad","6":"atta45_taxonomy-tema-inspiration-varumarken-galaxy-collection-sv","7":"atta45_taxonomy-hem-hushall-muggar-sv","8":"atta45_taxonomy-muggar-muggar-sv","9":"atta45_taxonomy-fritid-termos-sv","11":"first","12":"instock","13":"taxable","14":"shipping-taxable","15":"purchasable","16":"product-type-variable"},"acf":[],"_links":{"self":[{"href":"https:\/\/www.atta45.se\/e-butik\/wp-json\/wp\/v2\/product\/306657","targetHints":{"allow":["GET"]}}],"collection":[{"href":"https:\/\/www.atta45.se\/e-butik\/wp-json\/wp\/v2\/product"}],"about":[{"href":"https:\/\/www.atta45.se\/e-butik\/wp-json\/wp\/v2\/types\/product"}],"wp:attachment":[{"href":"https:\/\/www.atta45.se\/e-butik\/wp-json\/wp\/v2\/media?parent=306657"}],"wp:term":[{"taxonomy":"product_brand","embeddable":true,"href":"https:\/\/www.atta45.se\/e-butik\/wp-json\/wp\/v2\/product_brand?post=306657"},{"taxonomy":"product_cat","embeddable":true,"href":"https:\/\/www.atta45.se\/e-butik\/wp-json\/wp\/v2\/product_cat?post=306657"},{"taxonomy":"product_tag","embeddable":true,"href":"https:\/\/www.atta45.se\/e-butik\/wp-json\/wp\/v2\/product_tag?post=306657"}],"curies":[{"name":"wp","href":"https:\/\/api.w.org\/{rel}","templated":true}]}}