{"id":306643,"date":"2025-04-17T05:30:13","date_gmt":"2025-04-17T03:30:13","guid":{"rendered":"https:\/\/www.atta45.se\/e-butik\/produkt\/mercury-termos-mugg-480-ml\/"},"modified":"2025-10-27T17:43:57","modified_gmt":"2025-10-27T16:43:57","slug":"mercury-termos-mugg-480-ml","status":"publish","type":"product","link":"https:\/\/www.atta45.se\/e-butik\/produkt\/mercury-termos-mugg-480-ml\/","title":{"rendered":"Termos mugg Mercury (480 ml)"},"content":{"rendered":"<p>Mercury \u00e4r en trendig och praktisk termisk mugg. Med sin dubbelv\u00e4ggiga isolering l\u00e5ter den dig njuta av varmt kaffe eller te i m\u00e5nga timmar. Idealisk f\u00f6r anv\u00e4ndning p\u00e5 kontoret, n\u00e4r du reser eller p\u00e5 en promenad, den erbjuder bekv\u00e4mlighet och t\u00e4thet. Det sticker ut f\u00f6r sin stora varum\u00e4rkespotential. Finns i svart och silver varianter. Mercury termisk muggen s\u00e4ljs med dedikerad f\u00f6rpackning.<\/p>\n<p>Galaxy <\/p>\n","protected":false},"excerpt":{"rendered":"<p>Mercury \u00e4r en trendig och praktisk termisk mugg. Med sin dubbelv\u00e4ggiga isolering l\u00e5ter den dig njuta av varmt kaffe eller te i m\u00e5nga timmar. Idealisk f\u00f6r anv\u00e4ndning p\u00e5 kontoret, n\u00e4r du reser eller p\u00e5 en promenad, den erbjuder bekv\u00e4mlighet och t\u00e4thet. Det sticker ut f\u00f6r sin stora varum\u00e4rkespotential. Finns i svart och silver varianter. Mercury [&hellip;]<\/p>\n","protected":false},"featured_media":0,"template":"","meta":{"_acf_changed":false,"_seopress_robots_primary_cat":"","_seopress_titles_title":"","_seopress_titles_desc":"","_seopress_robots_index":""},"product_brand":[],"product_cat":[15],"product_tag":[],"class_list":{"0":"post-306643","1":"product","2":"type-product","3":"status-publish","5":"product_cat-okategoriserad","6":"atta45_taxonomy-tema-inspiration-varumarken-galaxy-collection-sv","7":"atta45_taxonomy-muggar-muggar-sv","8":"atta45_taxonomy-hem-hushall-muggar-sv","9":"atta45_taxonomy-fritid-termos-sv","11":"first","12":"instock","13":"taxable","14":"shipping-taxable","15":"purchasable","16":"product-type-variable"},"acf":[],"_links":{"self":[{"href":"https:\/\/www.atta45.se\/e-butik\/wp-json\/wp\/v2\/product\/306643","targetHints":{"allow":["GET"]}}],"collection":[{"href":"https:\/\/www.atta45.se\/e-butik\/wp-json\/wp\/v2\/product"}],"about":[{"href":"https:\/\/www.atta45.se\/e-butik\/wp-json\/wp\/v2\/types\/product"}],"wp:attachment":[{"href":"https:\/\/www.atta45.se\/e-butik\/wp-json\/wp\/v2\/media?parent=306643"}],"wp:term":[{"taxonomy":"product_brand","embeddable":true,"href":"https:\/\/www.atta45.se\/e-butik\/wp-json\/wp\/v2\/product_brand?post=306643"},{"taxonomy":"product_cat","embeddable":true,"href":"https:\/\/www.atta45.se\/e-butik\/wp-json\/wp\/v2\/product_cat?post=306643"},{"taxonomy":"product_tag","embeddable":true,"href":"https:\/\/www.atta45.se\/e-butik\/wp-json\/wp\/v2\/product_tag?post=306643"}],"curies":[{"name":"wp","href":"https:\/\/api.w.org\/{rel}","templated":true}]}}