{"id":306623,"date":"2025-04-17T05:27:13","date_gmt":"2025-04-17T03:27:13","guid":{"rendered":"https:\/\/www.atta45.se\/e-butik\/produkt\/optimo\/"},"modified":"2025-10-27T17:42:38","modified_gmt":"2025-10-27T16:42:38","slug":"optimo","status":"publish","type":"product","link":"https:\/\/www.atta45.se\/e-butik\/produkt\/optimo\/","title":{"rendered":"Mugg Optimo"},"content":{"rendered":"<p>Originalmodellen med en design som liknar plastmuggar. Den har en matt yta som finns i flera trendiga f\u00e4rger att v\u00e4lja mellan. Den utm\u00e4rker sig f\u00f6r sina omfattande dekorationsm\u00f6jligheter.<\/p>\n","protected":false},"excerpt":{"rendered":"<p>Originalmodellen med en design som liknar plastmuggar. Den har en matt yta som finns i flera trendiga f\u00e4rger att v\u00e4lja mellan. Den utm\u00e4rker sig f\u00f6r sina omfattande dekorationsm\u00f6jligheter.<\/p>\n","protected":false},"featured_media":0,"template":"","meta":{"_acf_changed":false,"_seopress_robots_primary_cat":"","_seopress_titles_title":"","_seopress_titles_desc":"","_seopress_robots_index":""},"product_brand":[],"product_cat":[15],"product_tag":[],"class_list":{"0":"post-306623","1":"product","2":"type-product","3":"status-publish","5":"product_cat-okategoriserad","6":"atta45_taxonomy-tema-inspiration-varumarken-cupline-sv","7":"atta45_taxonomy-hem-hushall-muggar-sv","8":"atta45_taxonomy-muggar-muggar-sv","9":"atta45_taxonomy-nyheter-sv","11":"first","12":"instock","13":"taxable","14":"shipping-taxable","15":"purchasable","16":"product-type-variable"},"acf":[],"_links":{"self":[{"href":"https:\/\/www.atta45.se\/e-butik\/wp-json\/wp\/v2\/product\/306623","targetHints":{"allow":["GET"]}}],"collection":[{"href":"https:\/\/www.atta45.se\/e-butik\/wp-json\/wp\/v2\/product"}],"about":[{"href":"https:\/\/www.atta45.se\/e-butik\/wp-json\/wp\/v2\/types\/product"}],"wp:attachment":[{"href":"https:\/\/www.atta45.se\/e-butik\/wp-json\/wp\/v2\/media?parent=306623"}],"wp:term":[{"taxonomy":"product_brand","embeddable":true,"href":"https:\/\/www.atta45.se\/e-butik\/wp-json\/wp\/v2\/product_brand?post=306623"},{"taxonomy":"product_cat","embeddable":true,"href":"https:\/\/www.atta45.se\/e-butik\/wp-json\/wp\/v2\/product_cat?post=306623"},{"taxonomy":"product_tag","embeddable":true,"href":"https:\/\/www.atta45.se\/e-butik\/wp-json\/wp\/v2\/product_tag?post=306623"}],"curies":[{"name":"wp","href":"https:\/\/api.w.org\/{rel}","templated":true}]}}