{"id":306515,"date":"2025-04-17T05:13:15","date_gmt":"2025-04-17T03:13:15","guid":{"rendered":"https:\/\/www.atta45.se\/e-butik\/produkt\/modern-supreme\/"},"modified":"2025-10-27T17:37:27","modified_gmt":"2025-10-27T16:37:27","slug":"modern-supreme","status":"publish","type":"product","link":"https:\/\/www.atta45.se\/e-butik\/produkt\/modern-supreme\/","title":{"rendered":"Mugg Modern Supreme"},"content":{"rendered":"<p>En reklammugg med svart matt glasyr p\u00e5 utsidan och en f\u00e4rgglad, blank inredning. De enkla, cylindriska v\u00e4ggarna m\u00f6jligg\u00f6r mycket stora och komplexa reklamtryck. Det utm\u00e4rkande f\u00f6r denna design \u00e4r den unika formen p\u00e5 handtaget. Denna mugg har en mycket stor kapacitet.<\/p>\n","protected":false},"excerpt":{"rendered":"<p>En reklammugg med svart matt glasyr p\u00e5 utsidan och en f\u00e4rgglad, blank inredning. De enkla, cylindriska v\u00e4ggarna m\u00f6jligg\u00f6r mycket stora och komplexa reklamtryck. Det utm\u00e4rkande f\u00f6r denna design \u00e4r den unika formen p\u00e5 handtaget. Denna mugg har en mycket stor kapacitet.<\/p>\n","protected":false},"featured_media":0,"template":"","meta":{"_acf_changed":false,"_seopress_robots_primary_cat":"","_seopress_titles_title":"","_seopress_titles_desc":"","_seopress_robots_index":""},"product_brand":[],"product_cat":[15],"product_tag":[],"class_list":{"0":"post-306515","1":"product","2":"type-product","3":"status-publish","5":"product_cat-okategoriserad","6":"atta45_taxonomy-tema-inspiration-varumarken-cupline-sv","7":"atta45_taxonomy-hem-hushall-muggar-sv","8":"atta45_taxonomy-muggar-muggar-sv","10":"first","11":"instock","12":"taxable","13":"shipping-taxable","14":"purchasable","15":"product-type-variable"},"acf":[],"_links":{"self":[{"href":"https:\/\/www.atta45.se\/e-butik\/wp-json\/wp\/v2\/product\/306515","targetHints":{"allow":["GET"]}}],"collection":[{"href":"https:\/\/www.atta45.se\/e-butik\/wp-json\/wp\/v2\/product"}],"about":[{"href":"https:\/\/www.atta45.se\/e-butik\/wp-json\/wp\/v2\/types\/product"}],"wp:attachment":[{"href":"https:\/\/www.atta45.se\/e-butik\/wp-json\/wp\/v2\/media?parent=306515"}],"wp:term":[{"taxonomy":"product_brand","embeddable":true,"href":"https:\/\/www.atta45.se\/e-butik\/wp-json\/wp\/v2\/product_brand?post=306515"},{"taxonomy":"product_cat","embeddable":true,"href":"https:\/\/www.atta45.se\/e-butik\/wp-json\/wp\/v2\/product_cat?post=306515"},{"taxonomy":"product_tag","embeddable":true,"href":"https:\/\/www.atta45.se\/e-butik\/wp-json\/wp\/v2\/product_tag?post=306515"}],"curies":[{"name":"wp","href":"https:\/\/api.w.org\/{rel}","templated":true}]}}