{"id":306511,"date":"2025-04-17T05:12:16","date_gmt":"2025-04-17T03:12:16","guid":{"rendered":"https:\/\/www.atta45.se\/e-butik\/produkt\/americano-small\/"},"modified":"2025-10-27T17:37:16","modified_gmt":"2025-10-27T16:37:16","slug":"americano-small","status":"publish","type":"product","link":"https:\/\/www.atta45.se\/e-butik\/produkt\/americano-small\/","title":{"rendered":"Mugg Americano Small"},"content":{"rendered":"<p>Den mindre brorsan till AMERICANO -muggen.<\/p>\n<p>Den klassiska ergonomiska formen har blivit popul\u00e4r i kontorsutrymmen. Den reducerade versionen av den b\u00e4sts\u00e4ljande Americano passar kaffemaskinen.<\/p>\n","protected":false},"excerpt":{"rendered":"<p>Den mindre brorsan till AMERICANO -muggen. Den klassiska ergonomiska formen har blivit popul\u00e4r i kontorsutrymmen. Den reducerade versionen av den b\u00e4sts\u00e4ljande Americano passar kaffemaskinen.<\/p>\n","protected":false},"featured_media":0,"template":"","meta":{"_acf_changed":false,"_seopress_robots_primary_cat":"","_seopress_titles_title":"","_seopress_titles_desc":"","_seopress_robots_index":""},"product_brand":[],"product_cat":[15],"product_tag":[],"class_list":{"0":"post-306511","1":"product","2":"type-product","3":"status-publish","5":"product_cat-okategoriserad","6":"atta45_taxonomy-tema-inspiration-varumarken-cupline-sv","7":"atta45_taxonomy-hem-hushall-muggar-sv","8":"atta45_taxonomy-muggar-muggar-sv","10":"first","11":"instock","12":"taxable","13":"shipping-taxable","14":"purchasable","15":"product-type-variable"},"acf":[],"_links":{"self":[{"href":"https:\/\/www.atta45.se\/e-butik\/wp-json\/wp\/v2\/product\/306511","targetHints":{"allow":["GET"]}}],"collection":[{"href":"https:\/\/www.atta45.se\/e-butik\/wp-json\/wp\/v2\/product"}],"about":[{"href":"https:\/\/www.atta45.se\/e-butik\/wp-json\/wp\/v2\/types\/product"}],"wp:attachment":[{"href":"https:\/\/www.atta45.se\/e-butik\/wp-json\/wp\/v2\/media?parent=306511"}],"wp:term":[{"taxonomy":"product_brand","embeddable":true,"href":"https:\/\/www.atta45.se\/e-butik\/wp-json\/wp\/v2\/product_brand?post=306511"},{"taxonomy":"product_cat","embeddable":true,"href":"https:\/\/www.atta45.se\/e-butik\/wp-json\/wp\/v2\/product_cat?post=306511"},{"taxonomy":"product_tag","embeddable":true,"href":"https:\/\/www.atta45.se\/e-butik\/wp-json\/wp\/v2\/product_tag?post=306511"}],"curies":[{"name":"wp","href":"https:\/\/api.w.org\/{rel}","templated":true}]}}