{"id":306491,"date":"2025-04-17T03:08:14","date_gmt":"2025-04-17T01:08:14","guid":{"rendered":"https:\/\/www.atta45.se\/e-butik\/produkt\/flara-ljuslykta\/"},"modified":"2025-10-27T17:08:51","modified_gmt":"2025-10-27T16:08:51","slug":"flara-ljuslykta","status":"publish","type":"product","link":"https:\/\/www.atta45.se\/e-butik\/produkt\/flara-ljuslykta\/","title":{"rendered":"Ljuslykta Flara"},"content":{"rendered":"<p>Flara-lyktans popul\u00e4ra form och enkla, tunna glasv\u00e4ggar \u00e4r idealiska f\u00f6r olika f\u00e4rger och applicering av sofistikerade dekorationer. I kombination med en v\u00e4rmeljusinsats i sojavax, som \u00e4r naturlig och s\u00e4ker, blir den en effektiv dekoration f\u00f6r alla interi\u00f6rer. Det sticker ut f\u00f6r sina fantastiska varum\u00e4rkesm\u00f6jligheter.<\/p>\n<p>Candlesphere<\/p>\n","protected":false},"excerpt":{"rendered":"<p>Flara-lyktans popul\u00e4ra form och enkla, tunna glasv\u00e4ggar \u00e4r idealiska f\u00f6r olika f\u00e4rger och applicering av sofistikerade dekorationer. I kombination med en v\u00e4rmeljusinsats i sojavax, som \u00e4r naturlig och s\u00e4ker, blir den en effektiv dekoration f\u00f6r alla interi\u00f6rer. Det sticker ut f\u00f6r sina fantastiska varum\u00e4rkesm\u00f6jligheter. Candlesphere<\/p>\n","protected":false},"featured_media":0,"template":"","meta":{"_acf_changed":false,"_seopress_robots_primary_cat":"","_seopress_titles_title":"","_seopress_titles_desc":"","_seopress_robots_index":""},"product_brand":[],"product_cat":[15],"product_tag":[],"class_list":{"0":"post-306491","1":"product","2":"type-product","3":"status-publish","5":"product_cat-okategoriserad","6":"atta45_taxonomy-candlesphere-sv","7":"atta45_taxonomy-hem-hushall-ljus-doftset-sv","8":"atta45_taxonomy-nyheter-sv","10":"first","11":"instock","12":"taxable","13":"shipping-taxable","14":"purchasable","15":"product-type-variable"},"acf":[],"_links":{"self":[{"href":"https:\/\/www.atta45.se\/e-butik\/wp-json\/wp\/v2\/product\/306491","targetHints":{"allow":["GET"]}}],"collection":[{"href":"https:\/\/www.atta45.se\/e-butik\/wp-json\/wp\/v2\/product"}],"about":[{"href":"https:\/\/www.atta45.se\/e-butik\/wp-json\/wp\/v2\/types\/product"}],"wp:attachment":[{"href":"https:\/\/www.atta45.se\/e-butik\/wp-json\/wp\/v2\/media?parent=306491"}],"wp:term":[{"taxonomy":"product_brand","embeddable":true,"href":"https:\/\/www.atta45.se\/e-butik\/wp-json\/wp\/v2\/product_brand?post=306491"},{"taxonomy":"product_cat","embeddable":true,"href":"https:\/\/www.atta45.se\/e-butik\/wp-json\/wp\/v2\/product_cat?post=306491"},{"taxonomy":"product_tag","embeddable":true,"href":"https:\/\/www.atta45.se\/e-butik\/wp-json\/wp\/v2\/product_tag?post=306491"}],"curies":[{"name":"wp","href":"https:\/\/api.w.org\/{rel}","templated":true}]}}