{"id":306487,"date":"2025-04-17T03:07:14","date_gmt":"2025-04-17T01:07:14","guid":{"rendered":"https:\/\/www.atta45.se\/e-butik\/produkt\/ultra-ljuslykta\/"},"modified":"2025-10-27T17:08:38","modified_gmt":"2025-10-27T16:08:38","slug":"ultra-ljuslykta","status":"publish","type":"product","link":"https:\/\/www.atta45.se\/e-butik\/produkt\/ultra-ljuslykta\/","title":{"rendered":"Ljuslykta Ultra"},"content":{"rendered":"<p>De enkla sidorna av Ultra-reklamljuset \u00e4r perfekta f\u00f6r att applicera intressanta och originella dekorationer p\u00e5 det, vilket effektivt kommer att presentera v\u00e4rderingarna relaterade till det marknadsf\u00f6rda varum\u00e4rket. Den har en v\u00e4rmeljusinsats i sojavax som \u00e4r naturlig och s\u00e4ker och inte avger skadliga \u00e4mnen vid f\u00f6rbr\u00e4nning.<\/p>\n<p>Candlesphere<\/p>\n","protected":false},"excerpt":{"rendered":"<p>De enkla sidorna av Ultra-reklamljuset \u00e4r perfekta f\u00f6r att applicera intressanta och originella dekorationer p\u00e5 det, vilket effektivt kommer att presentera v\u00e4rderingarna relaterade till det marknadsf\u00f6rda varum\u00e4rket. Den har en v\u00e4rmeljusinsats i sojavax som \u00e4r naturlig och s\u00e4ker och inte avger skadliga \u00e4mnen vid f\u00f6rbr\u00e4nning. Candlesphere<\/p>\n","protected":false},"featured_media":0,"template":"","meta":{"_acf_changed":false,"_seopress_robots_primary_cat":"","_seopress_titles_title":"","_seopress_titles_desc":"","_seopress_robots_index":""},"product_brand":[],"product_cat":[15],"product_tag":[],"class_list":{"0":"post-306487","1":"product","2":"type-product","3":"status-publish","5":"product_cat-okategoriserad","6":"atta45_taxonomy-candlesphere-sv","7":"atta45_taxonomy-hem-hushall-ljus-doftset-sv","9":"first","10":"instock","11":"taxable","12":"shipping-taxable","13":"purchasable","14":"product-type-variable"},"acf":[],"_links":{"self":[{"href":"https:\/\/www.atta45.se\/e-butik\/wp-json\/wp\/v2\/product\/306487","targetHints":{"allow":["GET"]}}],"collection":[{"href":"https:\/\/www.atta45.se\/e-butik\/wp-json\/wp\/v2\/product"}],"about":[{"href":"https:\/\/www.atta45.se\/e-butik\/wp-json\/wp\/v2\/types\/product"}],"wp:attachment":[{"href":"https:\/\/www.atta45.se\/e-butik\/wp-json\/wp\/v2\/media?parent=306487"}],"wp:term":[{"taxonomy":"product_brand","embeddable":true,"href":"https:\/\/www.atta45.se\/e-butik\/wp-json\/wp\/v2\/product_brand?post=306487"},{"taxonomy":"product_cat","embeddable":true,"href":"https:\/\/www.atta45.se\/e-butik\/wp-json\/wp\/v2\/product_cat?post=306487"},{"taxonomy":"product_tag","embeddable":true,"href":"https:\/\/www.atta45.se\/e-butik\/wp-json\/wp\/v2\/product_tag?post=306487"}],"curies":[{"name":"wp","href":"https:\/\/api.w.org\/{rel}","templated":true}]}}