{"id":306483,"date":"2025-04-17T03:06:15","date_gmt":"2025-04-17T01:06:15","guid":{"rendered":"https:\/\/www.atta45.se\/e-butik\/produkt\/aura-ljuslykta\/"},"modified":"2025-10-27T17:08:25","modified_gmt":"2025-10-27T16:08:25","slug":"aura-ljuslykta","status":"publish","type":"product","link":"https:\/\/www.atta45.se\/e-butik\/produkt\/aura-ljuslykta\/","title":{"rendered":"Ljuslykta Aura"},"content":{"rendered":"<p>Den eleganta och unika Aura-lyktan framh\u00e4ver perfekt varum\u00e4rkets unika karakt\u00e4r och \u00e4r ett perfekt komplement till interi\u00f6rer. Dess h\u00f6ga och tunna v\u00e4ggar m\u00f6jligg\u00f6r kreativ anpassning. Sojavax v\u00e4rmeljusinsatsen \u00e4r naturlig och s\u00e4ker, den avger inga skadliga \u00e4mnen vid f\u00f6rbr\u00e4nning. Perfekt f\u00f6r avkoppling, meditation eller dekoration av ett utrymme.<\/p>\n<p>Candlesphere<\/p>\n","protected":false},"excerpt":{"rendered":"<p>Den eleganta och unika Aura-lyktan framh\u00e4ver perfekt varum\u00e4rkets unika karakt\u00e4r och \u00e4r ett perfekt komplement till interi\u00f6rer. Dess h\u00f6ga och tunna v\u00e4ggar m\u00f6jligg\u00f6r kreativ anpassning. Sojavax v\u00e4rmeljusinsatsen \u00e4r naturlig och s\u00e4ker, den avger inga skadliga \u00e4mnen vid f\u00f6rbr\u00e4nning. Perfekt f\u00f6r avkoppling, meditation eller dekoration av ett utrymme. Candlesphere<\/p>\n","protected":false},"featured_media":0,"template":"","meta":{"_acf_changed":false,"_seopress_robots_primary_cat":"","_seopress_titles_title":"","_seopress_titles_desc":"","_seopress_robots_index":""},"product_brand":[],"product_cat":[15],"product_tag":[],"class_list":{"0":"post-306483","1":"product","2":"type-product","3":"status-publish","5":"product_cat-okategoriserad","6":"atta45_taxonomy-candlesphere-sv","7":"atta45_taxonomy-hem-hushall-ljus-doftset-sv","8":"atta45_taxonomy-nyheter-sv","10":"first","11":"instock","12":"taxable","13":"shipping-taxable","14":"purchasable","15":"product-type-variable"},"acf":[],"_links":{"self":[{"href":"https:\/\/www.atta45.se\/e-butik\/wp-json\/wp\/v2\/product\/306483","targetHints":{"allow":["GET"]}}],"collection":[{"href":"https:\/\/www.atta45.se\/e-butik\/wp-json\/wp\/v2\/product"}],"about":[{"href":"https:\/\/www.atta45.se\/e-butik\/wp-json\/wp\/v2\/types\/product"}],"wp:attachment":[{"href":"https:\/\/www.atta45.se\/e-butik\/wp-json\/wp\/v2\/media?parent=306483"}],"wp:term":[{"taxonomy":"product_brand","embeddable":true,"href":"https:\/\/www.atta45.se\/e-butik\/wp-json\/wp\/v2\/product_brand?post=306483"},{"taxonomy":"product_cat","embeddable":true,"href":"https:\/\/www.atta45.se\/e-butik\/wp-json\/wp\/v2\/product_cat?post=306483"},{"taxonomy":"product_tag","embeddable":true,"href":"https:\/\/www.atta45.se\/e-butik\/wp-json\/wp\/v2\/product_tag?post=306483"}],"curies":[{"name":"wp","href":"https:\/\/api.w.org\/{rel}","templated":true}]}}