{"id":306451,"date":"2025-04-17T03:00:16","date_gmt":"2025-04-17T01:00:16","guid":{"rendered":"https:\/\/www.atta45.se\/e-butik\/produkt\/ray-ljuslykta\/"},"modified":"2025-10-27T17:06:42","modified_gmt":"2025-10-27T16:06:42","slug":"ray-ljuslykta","status":"publish","type":"product","link":"https:\/\/www.atta45.se\/e-butik\/produkt\/ray-ljuslykta\/","title":{"rendered":"Ljuslykta Ray"},"content":{"rendered":"<p>Intressant reklamlykta med en sofistikerad form och tunna v\u00e4ggar som underbart kommer att framh\u00e4va dekorationerna som appliceras p\u00e5 dem och st\u00e4rka budskapet fr\u00e5n det marknadsf\u00f6rda varum\u00e4rket. Den har en v\u00e4rmeljusinsats i sojavax som \u00e4r naturlig och s\u00e4ker och inte avger skadliga \u00e4mnen vid f\u00f6rbr\u00e4nning.<\/p>\n<p>Candlesphere<\/p>\n","protected":false},"excerpt":{"rendered":"<p>Intressant reklamlykta med en sofistikerad form och tunna v\u00e4ggar som underbart kommer att framh\u00e4va dekorationerna som appliceras p\u00e5 dem och st\u00e4rka budskapet fr\u00e5n det marknadsf\u00f6rda varum\u00e4rket. Den har en v\u00e4rmeljusinsats i sojavax som \u00e4r naturlig och s\u00e4ker och inte avger skadliga \u00e4mnen vid f\u00f6rbr\u00e4nning. Candlesphere<\/p>\n","protected":false},"featured_media":0,"template":"","meta":{"_acf_changed":false,"_seopress_robots_primary_cat":"","_seopress_titles_title":"","_seopress_titles_desc":"","_seopress_robots_index":""},"product_brand":[],"product_cat":[15],"product_tag":[],"class_list":{"0":"post-306451","1":"product","2":"type-product","3":"status-publish","5":"product_cat-okategoriserad","6":"atta45_taxonomy-candlesphere-sv","7":"atta45_taxonomy-hem-hushall-ljus-doftset-sv","8":"atta45_taxonomy-nyheter-sv","10":"first","11":"instock","12":"taxable","13":"shipping-taxable","14":"purchasable","15":"product-type-variable"},"acf":[],"_links":{"self":[{"href":"https:\/\/www.atta45.se\/e-butik\/wp-json\/wp\/v2\/product\/306451","targetHints":{"allow":["GET"]}}],"collection":[{"href":"https:\/\/www.atta45.se\/e-butik\/wp-json\/wp\/v2\/product"}],"about":[{"href":"https:\/\/www.atta45.se\/e-butik\/wp-json\/wp\/v2\/types\/product"}],"wp:attachment":[{"href":"https:\/\/www.atta45.se\/e-butik\/wp-json\/wp\/v2\/media?parent=306451"}],"wp:term":[{"taxonomy":"product_brand","embeddable":true,"href":"https:\/\/www.atta45.se\/e-butik\/wp-json\/wp\/v2\/product_brand?post=306451"},{"taxonomy":"product_cat","embeddable":true,"href":"https:\/\/www.atta45.se\/e-butik\/wp-json\/wp\/v2\/product_cat?post=306451"},{"taxonomy":"product_tag","embeddable":true,"href":"https:\/\/www.atta45.se\/e-butik\/wp-json\/wp\/v2\/product_tag?post=306451"}],"curies":[{"name":"wp","href":"https:\/\/api.w.org\/{rel}","templated":true}]}}