{"id":306443,"date":"2025-04-17T02:58:16","date_gmt":"2025-04-17T00:58:16","guid":{"rendered":"https:\/\/www.atta45.se\/e-butik\/produkt\/ambience-ljuslykta\/"},"modified":"2025-10-27T17:06:13","modified_gmt":"2025-10-27T16:06:13","slug":"ambience-ljuslykta","status":"publish","type":"product","link":"https:\/\/www.atta45.se\/e-butik\/produkt\/ambience-ljuslykta\/","title":{"rendered":"Ljuslykta Ambience"},"content":{"rendered":"<p>Ambience-lykta med v\u00e4rmeljusinsats i soja \u00e4r ett elegant och ekologiskt tillskott till alla interi\u00f6rer. Tillverkad av h\u00f6gkvalitativt glas ger den ett subtilt, varmt ljus som skapar en mysig atmosf\u00e4r. Sojavax v\u00e4rmeljusinsatsen \u00e4r naturlig och s\u00e4ker, den avger inga skadliga \u00e4mnen vid f\u00f6rbr\u00e4nning. Perfekt f\u00f6r avkoppling, meditation eller dekoration av ett utrymme.<\/p>\n<p>Brinntid vax: 37 timmar<br \/>Veke: 1 st<\/p>\n<p>Candlesphere<\/p>\n","protected":false},"excerpt":{"rendered":"<p>Ambience-lykta med v\u00e4rmeljusinsats i soja \u00e4r ett elegant och ekologiskt tillskott till alla interi\u00f6rer. Tillverkad av h\u00f6gkvalitativt glas ger den ett subtilt, varmt ljus som skapar en mysig atmosf\u00e4r. Sojavax v\u00e4rmeljusinsatsen \u00e4r naturlig och s\u00e4ker, den avger inga skadliga \u00e4mnen vid f\u00f6rbr\u00e4nning. Perfekt f\u00f6r avkoppling, meditation eller dekoration av ett utrymme. Brinntid vax: 37 timmarVeke: [&hellip;]<\/p>\n","protected":false},"featured_media":0,"template":"","meta":{"_acf_changed":false,"_seopress_robots_primary_cat":"","_seopress_titles_title":"","_seopress_titles_desc":"","_seopress_robots_index":""},"product_brand":[],"product_cat":[15],"product_tag":[],"class_list":{"0":"post-306443","1":"product","2":"type-product","3":"status-publish","5":"product_cat-okategoriserad","6":"atta45_taxonomy-candlesphere-sv","7":"atta45_taxonomy-hem-hushall-ljus-doftset-sv","8":"atta45_taxonomy-nyheter-sv","10":"first","11":"instock","12":"taxable","13":"shipping-taxable","14":"purchasable","15":"product-type-variable"},"acf":[],"_links":{"self":[{"href":"https:\/\/www.atta45.se\/e-butik\/wp-json\/wp\/v2\/product\/306443","targetHints":{"allow":["GET"]}}],"collection":[{"href":"https:\/\/www.atta45.se\/e-butik\/wp-json\/wp\/v2\/product"}],"about":[{"href":"https:\/\/www.atta45.se\/e-butik\/wp-json\/wp\/v2\/types\/product"}],"wp:attachment":[{"href":"https:\/\/www.atta45.se\/e-butik\/wp-json\/wp\/v2\/media?parent=306443"}],"wp:term":[{"taxonomy":"product_brand","embeddable":true,"href":"https:\/\/www.atta45.se\/e-butik\/wp-json\/wp\/v2\/product_brand?post=306443"},{"taxonomy":"product_cat","embeddable":true,"href":"https:\/\/www.atta45.se\/e-butik\/wp-json\/wp\/v2\/product_cat?post=306443"},{"taxonomy":"product_tag","embeddable":true,"href":"https:\/\/www.atta45.se\/e-butik\/wp-json\/wp\/v2\/product_tag?post=306443"}],"curies":[{"name":"wp","href":"https:\/\/api.w.org\/{rel}","templated":true}]}}