{"id":306431,"date":"2025-04-17T02:55:15","date_gmt":"2025-04-17T00:55:15","guid":{"rendered":"https:\/\/www.atta45.se\/e-butik\/produkt\/lumena-ljuslykta\/"},"modified":"2025-10-27T17:05:31","modified_gmt":"2025-10-27T16:05:31","slug":"lumena-ljuslykta","status":"publish","type":"product","link":"https:\/\/www.atta45.se\/e-butik\/produkt\/lumena-ljuslykta\/","title":{"rendered":"Ljuslykta Lumena"},"content":{"rendered":"<p>Enkel elegans f\u00f6r att f\u00f6rb\u00e4ttra ditt varum\u00e4rke. En \u00e4del lykta med harmoniska v\u00e4ggar, vars dekoration kommer att betona positionen f\u00f6r det marknadsf\u00f6rda varum\u00e4rket p\u00e5 ett extremt subtilt och effektivt s\u00e4tt. Den har en v\u00e4rmeljusinsats i sojavax som \u00e4r naturlig och s\u00e4ker och inte avger skadliga \u00e4mnen vid f\u00f6rbr\u00e4nning. Den k\u00e4nnetecknas av stora m\u00f6jligheter vad g\u00e4ller dekorationer.<\/p>\n<p>Candlesphere<\/p>\n","protected":false},"excerpt":{"rendered":"<p>Enkel elegans f\u00f6r att f\u00f6rb\u00e4ttra ditt varum\u00e4rke. En \u00e4del lykta med harmoniska v\u00e4ggar, vars dekoration kommer att betona positionen f\u00f6r det marknadsf\u00f6rda varum\u00e4rket p\u00e5 ett extremt subtilt och effektivt s\u00e4tt. Den har en v\u00e4rmeljusinsats i sojavax som \u00e4r naturlig och s\u00e4ker och inte avger skadliga \u00e4mnen vid f\u00f6rbr\u00e4nning. Den k\u00e4nnetecknas av stora m\u00f6jligheter vad g\u00e4ller [&hellip;]<\/p>\n","protected":false},"featured_media":0,"template":"","meta":{"_acf_changed":false,"_seopress_robots_primary_cat":"","_seopress_titles_title":"","_seopress_titles_desc":"","_seopress_robots_index":""},"product_brand":[],"product_cat":[15],"product_tag":[],"class_list":{"0":"post-306431","1":"product","2":"type-product","3":"status-publish","5":"product_cat-okategoriserad","6":"atta45_taxonomy-candlesphere-sv","7":"atta45_taxonomy-hem-hushall-ljus-doftset-sv","8":"atta45_taxonomy-nyheter-sv","10":"first","11":"instock","12":"taxable","13":"shipping-taxable","14":"purchasable","15":"product-type-variable"},"acf":[],"_links":{"self":[{"href":"https:\/\/www.atta45.se\/e-butik\/wp-json\/wp\/v2\/product\/306431","targetHints":{"allow":["GET"]}}],"collection":[{"href":"https:\/\/www.atta45.se\/e-butik\/wp-json\/wp\/v2\/product"}],"about":[{"href":"https:\/\/www.atta45.se\/e-butik\/wp-json\/wp\/v2\/types\/product"}],"wp:attachment":[{"href":"https:\/\/www.atta45.se\/e-butik\/wp-json\/wp\/v2\/media?parent=306431"}],"wp:term":[{"taxonomy":"product_brand","embeddable":true,"href":"https:\/\/www.atta45.se\/e-butik\/wp-json\/wp\/v2\/product_brand?post=306431"},{"taxonomy":"product_cat","embeddable":true,"href":"https:\/\/www.atta45.se\/e-butik\/wp-json\/wp\/v2\/product_cat?post=306431"},{"taxonomy":"product_tag","embeddable":true,"href":"https:\/\/www.atta45.se\/e-butik\/wp-json\/wp\/v2\/product_tag?post=306431"}],"curies":[{"name":"wp","href":"https:\/\/api.w.org\/{rel}","templated":true}]}}