{"id":306417,"date":"2025-04-17T02:53:15","date_gmt":"2025-04-17T00:53:15","guid":{"rendered":"https:\/\/www.atta45.se\/e-butik\/produkt\/hogtalare-led-i-plast\/"},"modified":"2025-10-27T16:44:41","modified_gmt":"2025-10-27T15:44:41","slug":"hogtalare-led-i-plast","status":"publish","type":"product","link":"https:\/\/www.atta45.se\/e-butik\/produkt\/hogtalare-led-i-plast\/","title":{"rendered":"H\u00f6gtalare LED i plast"},"content":{"rendered":"<p>Tr\u00e5dl\u00f6s h\u00f6gtalare i plast, med LED och handtag. LED-lampor kan \u00e4ndra f\u00e4rg. Ing\u00e5ng 100V \u2013 240V, 50\/60Hz. Utg\u00e5ng: 5V\/1A. Vattent\u00e4t klass IP44. Inklusive fj\u00e4rrkontroll och USB-kabel.<\/p>\n","protected":false},"excerpt":{"rendered":"<p>Tr\u00e5dl\u00f6s h\u00f6gtalare i plast, med LED och handtag. LED-lampor kan \u00e4ndra f\u00e4rg. Ing\u00e5ng 100V \u2013 240V, 50\/60Hz. Utg\u00e5ng: 5V\/1A. Vattent\u00e4t klass IP44. Inklusive fj\u00e4rrkontroll och USB-kabel.<\/p>\n","protected":false},"featured_media":306418,"template":"","meta":{"_acf_changed":false,"_seopress_robots_primary_cat":"","_seopress_titles_title":"","_seopress_titles_desc":"","_seopress_robots_index":""},"product_brand":[],"product_cat":[15],"product_tag":[],"class_list":{"0":"post-306417","1":"product","2":"type-product","3":"status-publish","4":"has-post-thumbnail","6":"product_cat-okategoriserad","7":"atta45_taxonomy-elektronik-kontor-sv","8":"atta45_taxonomy-elektronik-kontor-powerbank-speakers-sv","10":"first","11":"instock","12":"taxable","13":"shipping-taxable","14":"purchasable","15":"product-type-variable"},"acf":[],"_links":{"self":[{"href":"https:\/\/www.atta45.se\/e-butik\/wp-json\/wp\/v2\/product\/306417","targetHints":{"allow":["GET"]}}],"collection":[{"href":"https:\/\/www.atta45.se\/e-butik\/wp-json\/wp\/v2\/product"}],"about":[{"href":"https:\/\/www.atta45.se\/e-butik\/wp-json\/wp\/v2\/types\/product"}],"wp:featuredmedia":[{"embeddable":true,"href":"https:\/\/www.atta45.se\/e-butik\/wp-json\/wp\/v2\/media\/306418"}],"wp:attachment":[{"href":"https:\/\/www.atta45.se\/e-butik\/wp-json\/wp\/v2\/media?parent=306417"}],"wp:term":[{"taxonomy":"product_brand","embeddable":true,"href":"https:\/\/www.atta45.se\/e-butik\/wp-json\/wp\/v2\/product_brand?post=306417"},{"taxonomy":"product_cat","embeddable":true,"href":"https:\/\/www.atta45.se\/e-butik\/wp-json\/wp\/v2\/product_cat?post=306417"},{"taxonomy":"product_tag","embeddable":true,"href":"https:\/\/www.atta45.se\/e-butik\/wp-json\/wp\/v2\/product_tag?post=306417"}],"curies":[{"name":"wp","href":"https:\/\/api.w.org\/{rel}","templated":true}]}}