{"id":306351,"date":"2025-04-17T02:45:12","date_gmt":"2025-04-17T00:45:12","guid":{"rendered":"https:\/\/www.atta45.se\/e-butik\/produkt\/ryggsack-i-polyester-210d-med-dragsko-isolde\/"},"modified":"2025-10-27T21:23:57","modified_gmt":"2025-10-27T20:23:57","slug":"ryggsack-i-polyester-210d-med-dragsko-isolde","status":"publish","type":"product","link":"https:\/\/www.atta45.se\/e-butik\/produkt\/ryggsack-i-polyester-210d-med-dragsko-isolde\/","title":{"rendered":"Ryggs\u00e4ck i polyester (210D) med dragsko Isolde"},"content":{"rendered":"<p>Ryggs\u00e4ck med dragsko i polyester 210D med tv\u00e5 svarta PU-h\u00f6rn p\u00e5 framsidan och inv\u00e4ndig s\u00f6mnad. Har en svart nylonsn\u00f6re p\u00e5 varje sida, en dragsko och ett innerfack. Kapacitet: 5L. B\u00e4rkapacitet: 7 kg.<\/p>\n","protected":false},"excerpt":{"rendered":"<p>Ryggs\u00e4ck med dragsko i polyester 210D med tv\u00e5 svarta PU-h\u00f6rn p\u00e5 framsidan och inv\u00e4ndig s\u00f6mnad. Har en svart nylonsn\u00f6re p\u00e5 varje sida, en dragsko och ett innerfack. Kapacitet: 5L. B\u00e4rkapacitet: 7 kg.<\/p>\n","protected":false},"featured_media":306352,"template":"","meta":{"_acf_changed":false,"_seopress_robots_primary_cat":"","_seopress_titles_title":"","_seopress_titles_desc":"","_seopress_robots_index":""},"product_brand":[],"product_cat":[15],"product_tag":[],"class_list":{"0":"post-306351","1":"product","2":"type-product","3":"status-publish","4":"has-post-thumbnail","6":"product_cat-okategoriserad","7":"atta45_taxonomy-kassar-pasar-kassar-sv","8":"atta45_taxonomy-vaskor-resetillbehor-ryggsackar-sv","9":"atta45_taxonomy-vaskor-resetillbehor-sport-resvaskor-sv","10":"atta45_taxonomy-textil-vaskor-bagar-sv","11":"atta45_taxonomy-vaskor-resetillbehor-sv","13":"first","14":"instock","15":"taxable","16":"shipping-taxable","17":"purchasable","18":"product-type-variable"},"acf":[],"_links":{"self":[{"href":"https:\/\/www.atta45.se\/e-butik\/wp-json\/wp\/v2\/product\/306351","targetHints":{"allow":["GET"]}}],"collection":[{"href":"https:\/\/www.atta45.se\/e-butik\/wp-json\/wp\/v2\/product"}],"about":[{"href":"https:\/\/www.atta45.se\/e-butik\/wp-json\/wp\/v2\/types\/product"}],"wp:featuredmedia":[{"embeddable":true,"href":"https:\/\/www.atta45.se\/e-butik\/wp-json\/wp\/v2\/media\/306352"}],"wp:attachment":[{"href":"https:\/\/www.atta45.se\/e-butik\/wp-json\/wp\/v2\/media?parent=306351"}],"wp:term":[{"taxonomy":"product_brand","embeddable":true,"href":"https:\/\/www.atta45.se\/e-butik\/wp-json\/wp\/v2\/product_brand?post=306351"},{"taxonomy":"product_cat","embeddable":true,"href":"https:\/\/www.atta45.se\/e-butik\/wp-json\/wp\/v2\/product_cat?post=306351"},{"taxonomy":"product_tag","embeddable":true,"href":"https:\/\/www.atta45.se\/e-butik\/wp-json\/wp\/v2\/product_tag?post=306351"}],"curies":[{"name":"wp","href":"https:\/\/api.w.org\/{rel}","templated":true}]}}