{"id":306326,"date":"2025-04-17T02:42:14","date_gmt":"2025-04-17T00:42:14","guid":{"rendered":"https:\/\/www.atta45.se\/e-butik\/produkt\/ryggsack-i-atervunnen-polybomull-330-g-thaddeus\/"},"modified":"2025-10-27T21:23:19","modified_gmt":"2025-10-27T20:23:19","slug":"ryggsack-i-atervunnen-polybomull-330-g-thaddeus","status":"publish","type":"product","link":"https:\/\/www.atta45.se\/e-butik\/produkt\/ryggsack-i-atervunnen-polybomull-330-g-thaddeus\/","title":{"rendered":"Ryggs\u00e4ck i \u00e5tervunnen polybomull (330 g) Thaddeus"},"content":{"rendered":"<p>Rullryggs\u00e4ck i \u00e5tervunnen polybomull (330 g\/m\u00b2) med ett 210D polyesterfoder och ett plastsp\u00e4nne. Den har en kapacitet p\u00e5 15L, ett stort fack med dragkedja med ett 15-tums fack f\u00f6r laptop, tv\u00e5 innerfack och ett yttre fack. Designen inkluderar en b\u00e4r\u00f6gla upptill, vadderade justerbara remmar och en liten framficka med dragkedja. B\u00e4rkapacitet: 14 kg. Inkluderar en etikett.<\/p>\n","protected":false},"excerpt":{"rendered":"<p>Rullryggs\u00e4ck i \u00e5tervunnen polybomull (330 g\/m\u00b2) med ett 210D polyesterfoder och ett plastsp\u00e4nne. Den har en kapacitet p\u00e5 15L, ett stort fack med dragkedja med ett 15-tums fack f\u00f6r laptop, tv\u00e5 innerfack och ett yttre fack. Designen inkluderar en b\u00e4r\u00f6gla upptill, vadderade justerbara remmar och en liten framficka med dragkedja. B\u00e4rkapacitet: 14 kg. Inkluderar en [&hellip;]<\/p>\n","protected":false},"featured_media":306327,"template":"","meta":{"_acf_changed":false,"_seopress_robots_primary_cat":"","_seopress_titles_title":"","_seopress_titles_desc":"","_seopress_robots_index":""},"product_brand":[],"product_cat":[15],"product_tag":[],"class_list":{"0":"post-306326","1":"product","2":"type-product","3":"status-publish","4":"has-post-thumbnail","6":"product_cat-okategoriserad","7":"atta45_taxonomy-elektronik-kontor-datortillbehor-sv","8":"atta45_taxonomy-textil-kontor-foretag-sv","9":"atta45_taxonomy-vaskor-resetillbehor-laptopvaskor-sv","10":"atta45_taxonomy-elektronik-kontor-portfoljer-sv","11":"atta45_taxonomy-vaskor-resetillbehor-ryggsackar-sv","12":"atta45_taxonomy-vaskor-resetillbehor-ryggsackar-axelremsvaskor-sv","13":"atta45_taxonomy-textil-vaskor-bagar-sv","14":"atta45_taxonomy-vaskor-resetillbehor-sv","16":"first","17":"instock","18":"taxable","19":"shipping-taxable","20":"purchasable","21":"product-type-variable"},"acf":[],"_links":{"self":[{"href":"https:\/\/www.atta45.se\/e-butik\/wp-json\/wp\/v2\/product\/306326","targetHints":{"allow":["GET"]}}],"collection":[{"href":"https:\/\/www.atta45.se\/e-butik\/wp-json\/wp\/v2\/product"}],"about":[{"href":"https:\/\/www.atta45.se\/e-butik\/wp-json\/wp\/v2\/types\/product"}],"wp:featuredmedia":[{"embeddable":true,"href":"https:\/\/www.atta45.se\/e-butik\/wp-json\/wp\/v2\/media\/306327"}],"wp:attachment":[{"href":"https:\/\/www.atta45.se\/e-butik\/wp-json\/wp\/v2\/media?parent=306326"}],"wp:term":[{"taxonomy":"product_brand","embeddable":true,"href":"https:\/\/www.atta45.se\/e-butik\/wp-json\/wp\/v2\/product_brand?post=306326"},{"taxonomy":"product_cat","embeddable":true,"href":"https:\/\/www.atta45.se\/e-butik\/wp-json\/wp\/v2\/product_cat?post=306326"},{"taxonomy":"product_tag","embeddable":true,"href":"https:\/\/www.atta45.se\/e-butik\/wp-json\/wp\/v2\/product_tag?post=306326"}],"curies":[{"name":"wp","href":"https:\/\/api.w.org\/{rel}","templated":true}]}}