{"id":306303,"date":"2025-04-17T02:40:13","date_gmt":"2025-04-17T00:40:13","guid":{"rendered":"https:\/\/www.atta45.se\/e-butik\/produkt\/kylvaska-i-atervunnen-polycotton-330-g-elowen\/"},"modified":"2025-10-27T21:23:05","modified_gmt":"2025-10-27T20:23:05","slug":"kylvaska-i-atervunnen-polycotton-330-g-elowen","status":"publish","type":"product","link":"https:\/\/www.atta45.se\/e-butik\/produkt\/kylvaska-i-atervunnen-polycotton-330-g-elowen\/","title":{"rendered":"Kylv\u00e4ska i \u00e5tervunnen polycotton (330 g) Elowen"},"content":{"rendered":"<p>Kylv\u00e4ska i \u00e5tervunnen polybomull (330 g\/m2) med foder i 210D polyester och vadderad aluminiumfolie p\u00e5 insidan. Den har en kapacitet p\u00e5 8L, en b\u00e4r\u00f6gla, matchande accenter och en b\u00e4rkapacitet p\u00e5 5 kg. Inkluderar en etikett.<\/p>\n","protected":false},"excerpt":{"rendered":"<p>Kylv\u00e4ska i \u00e5tervunnen polybomull (330 g\/m2) med foder i 210D polyester och vadderad aluminiumfolie p\u00e5 insidan. Den har en kapacitet p\u00e5 8L, en b\u00e4r\u00f6gla, matchande accenter och en b\u00e4rkapacitet p\u00e5 5 kg. Inkluderar en etikett.<\/p>\n","protected":false},"featured_media":306304,"template":"","meta":{"_acf_changed":false,"_seopress_robots_primary_cat":"","_seopress_titles_title":"","_seopress_titles_desc":"","_seopress_robots_index":""},"product_brand":[],"product_cat":[15],"product_tag":[],"class_list":{"0":"post-306303","1":"product","2":"type-product","3":"status-publish","4":"has-post-thumbnail","6":"product_cat-okategoriserad","7":"atta45_taxonomy-vaskor-resetillbehor-kylvaskor-sv","8":"atta45_taxonomy-fritid-kylvaskor-sv","9":"atta45_taxonomy-textil-vaskor-bagar-sv","10":"atta45_taxonomy-vaskor-resetillbehor-sv","12":"first","13":"instock","14":"taxable","15":"shipping-taxable","16":"purchasable","17":"product-type-variable"},"acf":[],"_links":{"self":[{"href":"https:\/\/www.atta45.se\/e-butik\/wp-json\/wp\/v2\/product\/306303","targetHints":{"allow":["GET"]}}],"collection":[{"href":"https:\/\/www.atta45.se\/e-butik\/wp-json\/wp\/v2\/product"}],"about":[{"href":"https:\/\/www.atta45.se\/e-butik\/wp-json\/wp\/v2\/types\/product"}],"wp:featuredmedia":[{"embeddable":true,"href":"https:\/\/www.atta45.se\/e-butik\/wp-json\/wp\/v2\/media\/306304"}],"wp:attachment":[{"href":"https:\/\/www.atta45.se\/e-butik\/wp-json\/wp\/v2\/media?parent=306303"}],"wp:term":[{"taxonomy":"product_brand","embeddable":true,"href":"https:\/\/www.atta45.se\/e-butik\/wp-json\/wp\/v2\/product_brand?post=306303"},{"taxonomy":"product_cat","embeddable":true,"href":"https:\/\/www.atta45.se\/e-butik\/wp-json\/wp\/v2\/product_cat?post=306303"},{"taxonomy":"product_tag","embeddable":true,"href":"https:\/\/www.atta45.se\/e-butik\/wp-json\/wp\/v2\/product_tag?post=306303"}],"curies":[{"name":"wp","href":"https:\/\/api.w.org\/{rel}","templated":true}]}}