{"id":306260,"date":"2025-04-17T02:37:12","date_gmt":"2025-04-17T00:37:12","guid":{"rendered":"https:\/\/www.atta45.se\/e-butik\/produkt\/elektrisk-handflakt-i-abs-oren\/"},"modified":"2025-10-27T21:22:39","modified_gmt":"2025-10-27T20:22:39","slug":"elektrisk-handflakt-i-abs-oren","status":"publish","type":"product","link":"https:\/\/www.atta45.se\/e-butik\/produkt\/elektrisk-handflakt-i-abs-oren\/","title":{"rendered":"Elektrisk handfl\u00e4kt i ABS Oren"},"content":{"rendered":"<p>ABS elektrisk handfl\u00e4kt med ett 600 mAh batteri och en Type-C laddningsport, inklusive laddningskabel, vilket g\u00f6r fl\u00e4kten laddningsbar. Inkluderar ett stativ f\u00f6r uppr\u00e4tt positionering och kan anv\u00e4ndas separat under resan. Fl\u00e4kten erbjuder tre hastighetsl\u00e4gen. Individuellt f\u00f6rpackad i brun kartong.<\/p>\n","protected":false},"excerpt":{"rendered":"<p>ABS elektrisk handfl\u00e4kt med ett 600 mAh batteri och en Type-C laddningsport, inklusive laddningskabel, vilket g\u00f6r fl\u00e4kten laddningsbar. Inkluderar ett stativ f\u00f6r uppr\u00e4tt positionering och kan anv\u00e4ndas separat under resan. Fl\u00e4kten erbjuder tre hastighetsl\u00e4gen. Individuellt f\u00f6rpackad i brun kartong.<\/p>\n","protected":false},"featured_media":306261,"template":"","meta":{"_acf_changed":false,"_seopress_robots_primary_cat":"","_seopress_titles_title":"","_seopress_titles_desc":"","_seopress_robots_index":""},"product_brand":[],"product_cat":[15],"product_tag":[],"class_list":{"0":"post-306260","1":"product","2":"type-product","3":"status-publish","4":"has-post-thumbnail","6":"product_cat-okategoriserad","7":"atta45_taxonomy-hem-hushall-sv","9":"first","10":"instock","11":"taxable","12":"shipping-taxable","13":"purchasable","14":"product-type-variable"},"acf":[],"_links":{"self":[{"href":"https:\/\/www.atta45.se\/e-butik\/wp-json\/wp\/v2\/product\/306260","targetHints":{"allow":["GET"]}}],"collection":[{"href":"https:\/\/www.atta45.se\/e-butik\/wp-json\/wp\/v2\/product"}],"about":[{"href":"https:\/\/www.atta45.se\/e-butik\/wp-json\/wp\/v2\/types\/product"}],"wp:featuredmedia":[{"embeddable":true,"href":"https:\/\/www.atta45.se\/e-butik\/wp-json\/wp\/v2\/media\/306261"}],"wp:attachment":[{"href":"https:\/\/www.atta45.se\/e-butik\/wp-json\/wp\/v2\/media?parent=306260"}],"wp:term":[{"taxonomy":"product_brand","embeddable":true,"href":"https:\/\/www.atta45.se\/e-butik\/wp-json\/wp\/v2\/product_brand?post=306260"},{"taxonomy":"product_cat","embeddable":true,"href":"https:\/\/www.atta45.se\/e-butik\/wp-json\/wp\/v2\/product_cat?post=306260"},{"taxonomy":"product_tag","embeddable":true,"href":"https:\/\/www.atta45.se\/e-butik\/wp-json\/wp\/v2\/product_tag?post=306260"}],"curies":[{"name":"wp","href":"https:\/\/api.w.org\/{rel}","templated":true}]}}