{"id":306240,"date":"2025-04-17T02:35:14","date_gmt":"2025-04-17T00:35:14","guid":{"rendered":"https:\/\/www.atta45.se\/e-butik\/produkt\/tradgardsspade-marigold\/"},"modified":"2025-10-27T21:21:55","modified_gmt":"2025-10-27T20:21:55","slug":"tradgardsspade-marigold","status":"publish","type":"product","link":"https:\/\/www.atta45.se\/e-butik\/produkt\/tradgardsspade-marigold\/","title":{"rendered":"Tr\u00e4dg\u00e5rdsspade Marigold"},"content":{"rendered":"<p>Tr\u00e4dg\u00e5rdsspade i tr\u00e4 och metall. Packad i bulk.<\/p>\n","protected":false},"excerpt":{"rendered":"<p>Tr\u00e4dg\u00e5rdsspade i tr\u00e4 och metall. Packad i bulk.<\/p>\n","protected":false},"featured_media":306241,"template":"","meta":{"_acf_changed":false,"_seopress_robots_primary_cat":"","_seopress_titles_title":"","_seopress_titles_desc":"","_seopress_robots_index":""},"product_brand":[],"product_cat":[15],"product_tag":[],"class_list":{"0":"post-306240","1":"product","2":"type-product","3":"status-publish","4":"has-post-thumbnail","6":"product_cat-okategoriserad","7":"atta45_taxonomy-fritid-sv","8":"atta45_taxonomy-fritid-uppblasbart-strandartiklar-sv","10":"first","11":"instock","12":"taxable","13":"shipping-taxable","14":"purchasable","15":"product-type-variable"},"acf":[],"_links":{"self":[{"href":"https:\/\/www.atta45.se\/e-butik\/wp-json\/wp\/v2\/product\/306240","targetHints":{"allow":["GET"]}}],"collection":[{"href":"https:\/\/www.atta45.se\/e-butik\/wp-json\/wp\/v2\/product"}],"about":[{"href":"https:\/\/www.atta45.se\/e-butik\/wp-json\/wp\/v2\/types\/product"}],"wp:featuredmedia":[{"embeddable":true,"href":"https:\/\/www.atta45.se\/e-butik\/wp-json\/wp\/v2\/media\/306241"}],"wp:attachment":[{"href":"https:\/\/www.atta45.se\/e-butik\/wp-json\/wp\/v2\/media?parent=306240"}],"wp:term":[{"taxonomy":"product_brand","embeddable":true,"href":"https:\/\/www.atta45.se\/e-butik\/wp-json\/wp\/v2\/product_brand?post=306240"},{"taxonomy":"product_cat","embeddable":true,"href":"https:\/\/www.atta45.se\/e-butik\/wp-json\/wp\/v2\/product_cat?post=306240"},{"taxonomy":"product_tag","embeddable":true,"href":"https:\/\/www.atta45.se\/e-butik\/wp-json\/wp\/v2\/product_tag?post=306240"}],"curies":[{"name":"wp","href":"https:\/\/api.w.org\/{rel}","templated":true}]}}