{"id":306178,"date":"2025-04-17T02:30:15","date_gmt":"2025-04-17T00:30:15","guid":{"rendered":"https:\/\/www.atta45.se\/e-butik\/produkt\/rpet-300d-polyester-laptop-ryggsack-eulalia\/"},"modified":"2025-10-27T21:21:28","modified_gmt":"2025-10-27T20:21:28","slug":"rpet-300d-polyester-laptop-ryggsack-eulalia","status":"publish","type":"product","link":"https:\/\/www.atta45.se\/e-butik\/produkt\/rpet-300d-polyester-laptop-ryggsack-eulalia\/","title":{"rendered":"rPET (300D) polyester laptop ryggs\u00e4ck Eulalia"},"content":{"rendered":"<p>rPET polyester 300D laptop ryggs\u00e4ck med ett 210D rPET foder. Har ett stort fack med blixtl\u00e5s med flera insticksfickor, en kardborrst\u00e4ngd laptopficka f\u00f6r 15-tums b\u00e4rbar dator och en kapacitet p\u00e5 12L. Designen inkluderar ett f\u00f6rst\u00e4rkt, ventilerat st\u00f6d, justerbara axelband, ett sidob\u00e4rhandtag och en vagnrem. B\u00e4rkapacitet: 10 kg.<\/p>\n","protected":false},"excerpt":{"rendered":"<p>rPET polyester 300D laptop ryggs\u00e4ck med ett 210D rPET foder. Har ett stort fack med blixtl\u00e5s med flera insticksfickor, en kardborrst\u00e4ngd laptopficka f\u00f6r 15-tums b\u00e4rbar dator och en kapacitet p\u00e5 12L. Designen inkluderar ett f\u00f6rst\u00e4rkt, ventilerat st\u00f6d, justerbara axelband, ett sidob\u00e4rhandtag och en vagnrem. B\u00e4rkapacitet: 10 kg.<\/p>\n","protected":false},"featured_media":306179,"template":"","meta":{"_acf_changed":false,"_seopress_robots_primary_cat":"","_seopress_titles_title":"","_seopress_titles_desc":"","_seopress_robots_index":""},"product_brand":[],"product_cat":[15],"product_tag":[],"class_list":{"0":"post-306178","1":"product","2":"type-product","3":"status-publish","4":"has-post-thumbnail","6":"product_cat-okategoriserad","7":"atta45_taxonomy-elektronik-kontor-datortillbehor-sv","8":"atta45_taxonomy-textil-kontor-foretag-sv","9":"atta45_taxonomy-vaskor-resetillbehor-laptopvaskor-sv","10":"atta45_taxonomy-elektronik-kontor-portfoljer-sv","11":"atta45_taxonomy-vaskor-resetillbehor-ryggsackar-sv","12":"atta45_taxonomy-vaskor-resetillbehor-ryggsackar-axelremsvaskor-sv","13":"atta45_taxonomy-textil-vaskor-bagar-sv","14":"atta45_taxonomy-vaskor-resetillbehor-sv","16":"first","17":"instock","18":"taxable","19":"shipping-taxable","20":"purchasable","21":"product-type-variable"},"acf":[],"_links":{"self":[{"href":"https:\/\/www.atta45.se\/e-butik\/wp-json\/wp\/v2\/product\/306178","targetHints":{"allow":["GET"]}}],"collection":[{"href":"https:\/\/www.atta45.se\/e-butik\/wp-json\/wp\/v2\/product"}],"about":[{"href":"https:\/\/www.atta45.se\/e-butik\/wp-json\/wp\/v2\/types\/product"}],"wp:featuredmedia":[{"embeddable":true,"href":"https:\/\/www.atta45.se\/e-butik\/wp-json\/wp\/v2\/media\/306179"}],"wp:attachment":[{"href":"https:\/\/www.atta45.se\/e-butik\/wp-json\/wp\/v2\/media?parent=306178"}],"wp:term":[{"taxonomy":"product_brand","embeddable":true,"href":"https:\/\/www.atta45.se\/e-butik\/wp-json\/wp\/v2\/product_brand?post=306178"},{"taxonomy":"product_cat","embeddable":true,"href":"https:\/\/www.atta45.se\/e-butik\/wp-json\/wp\/v2\/product_cat?post=306178"},{"taxonomy":"product_tag","embeddable":true,"href":"https:\/\/www.atta45.se\/e-butik\/wp-json\/wp\/v2\/product_tag?post=306178"}],"curies":[{"name":"wp","href":"https:\/\/api.w.org\/{rel}","templated":true}]}}