{"id":306136,"date":"2025-04-17T02:25:17","date_gmt":"2025-04-17T00:25:17","guid":{"rendered":"https:\/\/www.atta45.se\/e-butik\/produkt\/abs-utomhushogtalare-madison\/"},"modified":"2025-10-27T21:21:01","modified_gmt":"2025-10-27T20:21:01","slug":"abs-utomhushogtalare-madison","status":"publish","type":"product","link":"https:\/\/www.atta45.se\/e-butik\/produkt\/abs-utomhushogtalare-madison\/","title":{"rendered":"ABS utomhush\u00f6gtalare Madison"},"content":{"rendered":"<p>ABS utomhush\u00f6gtalare med hake. 5W utg\u00e5ng, DC 5V-ing\u00e5ng, 800mAh inbyggt uppladdningsbart batteri och 3,5 timmars speltid. Arbetsavst\u00e5nd p\u00e5 15-20 meter, signal-brusf\u00f6rh\u00e5llande p\u00e5 75 dB. Frekvensomr\u00e5de: 100 Hz till 20 kHz. Laddningskabel av typ C medf\u00f6ljer. Teknik f\u00f6r tr\u00e5dl\u00f6s anslutning: 4.2. Individuellt f\u00f6rpackad i en brun kartong.<\/p>\n","protected":false},"excerpt":{"rendered":"<p>ABS utomhush\u00f6gtalare med hake. 5W utg\u00e5ng, DC 5V-ing\u00e5ng, 800mAh inbyggt uppladdningsbart batteri och 3,5 timmars speltid. Arbetsavst\u00e5nd p\u00e5 15-20 meter, signal-brusf\u00f6rh\u00e5llande p\u00e5 75 dB. Frekvensomr\u00e5de: 100 Hz till 20 kHz. Laddningskabel av typ C medf\u00f6ljer. Teknik f\u00f6r tr\u00e5dl\u00f6s anslutning: 4.2. Individuellt f\u00f6rpackad i en brun kartong.<\/p>\n","protected":false},"featured_media":306137,"template":"","meta":{"_acf_changed":false,"_seopress_robots_primary_cat":"","_seopress_titles_title":"","_seopress_titles_desc":"","_seopress_robots_index":""},"product_brand":[],"product_cat":[15],"product_tag":[],"class_list":{"0":"post-306136","1":"product","2":"type-product","3":"status-publish","4":"has-post-thumbnail","6":"product_cat-okategoriserad","7":"atta45_taxonomy-elektronik-kontor-sv","8":"atta45_taxonomy-elektronik-kontor-powerbank-speakers-sv","10":"first","11":"instock","12":"taxable","13":"shipping-taxable","14":"purchasable","15":"product-type-variable"},"acf":[],"_links":{"self":[{"href":"https:\/\/www.atta45.se\/e-butik\/wp-json\/wp\/v2\/product\/306136","targetHints":{"allow":["GET"]}}],"collection":[{"href":"https:\/\/www.atta45.se\/e-butik\/wp-json\/wp\/v2\/product"}],"about":[{"href":"https:\/\/www.atta45.se\/e-butik\/wp-json\/wp\/v2\/types\/product"}],"wp:featuredmedia":[{"embeddable":true,"href":"https:\/\/www.atta45.se\/e-butik\/wp-json\/wp\/v2\/media\/306137"}],"wp:attachment":[{"href":"https:\/\/www.atta45.se\/e-butik\/wp-json\/wp\/v2\/media?parent=306136"}],"wp:term":[{"taxonomy":"product_brand","embeddable":true,"href":"https:\/\/www.atta45.se\/e-butik\/wp-json\/wp\/v2\/product_brand?post=306136"},{"taxonomy":"product_cat","embeddable":true,"href":"https:\/\/www.atta45.se\/e-butik\/wp-json\/wp\/v2\/product_cat?post=306136"},{"taxonomy":"product_tag","embeddable":true,"href":"https:\/\/www.atta45.se\/e-butik\/wp-json\/wp\/v2\/product_tag?post=306136"}],"curies":[{"name":"wp","href":"https:\/\/api.w.org\/{rel}","templated":true}]}}