{"id":306083,"date":"2025-04-17T02:19:19","date_gmt":"2025-04-17T00:19:19","guid":{"rendered":"https:\/\/www.atta45.se\/e-butik\/produkt\/hogtalare-i-atervunnen-abs-lori\/"},"modified":"2025-10-27T21:19:39","modified_gmt":"2025-10-27T20:19:39","slug":"hogtalare-i-atervunnen-abs-lori","status":"publish","type":"product","link":"https:\/\/www.atta45.se\/e-butik\/produkt\/hogtalare-i-atervunnen-abs-lori\/","title":{"rendered":"H\u00f6gtalare i \u00e5tervunnen ABS Lori"},"content":{"rendered":"<p>ABS-h\u00f6gtalare med karbinhake och plastkl\u00e4mma. IPX4-klassad. 3W utg\u00e5ng, DC 5V ing\u00e5ng, 300mAh inbyggt uppladdningsbart batteri, med 2 timmars speltid. Arbetsavst\u00e5nd p\u00e5 15-20 meter, signal-brusf\u00f6rh\u00e5llande p\u00e5 87 dB. Frekvensomr\u00e5de: 100 Hz till 20 kHz. Inkluderar 50 cm Typ-C laddningskabel. Teknik f\u00f6r tr\u00e5dl\u00f6s anslutning: 5.2. Individuellt f\u00f6rpackad i en brun kartong.<\/p>\n","protected":false},"excerpt":{"rendered":"<p>ABS-h\u00f6gtalare med karbinhake och plastkl\u00e4mma. IPX4-klassad. 3W utg\u00e5ng, DC 5V ing\u00e5ng, 300mAh inbyggt uppladdningsbart batteri, med 2 timmars speltid. Arbetsavst\u00e5nd p\u00e5 15-20 meter, signal-brusf\u00f6rh\u00e5llande p\u00e5 87 dB. Frekvensomr\u00e5de: 100 Hz till 20 kHz. Inkluderar 50 cm Typ-C laddningskabel. Teknik f\u00f6r tr\u00e5dl\u00f6s anslutning: 5.2. Individuellt f\u00f6rpackad i en brun kartong.<\/p>\n","protected":false},"featured_media":306084,"template":"","meta":{"_acf_changed":false,"_seopress_robots_primary_cat":"","_seopress_titles_title":"","_seopress_titles_desc":"","_seopress_robots_index":""},"product_brand":[],"product_cat":[15],"product_tag":[],"class_list":{"0":"post-306083","1":"product","2":"type-product","3":"status-publish","4":"has-post-thumbnail","6":"product_cat-okategoriserad","7":"atta45_taxonomy-elektronik-kontor-sv","8":"atta45_taxonomy-elektronik-kontor-powerbank-speakers-sv","10":"first","11":"instock","12":"taxable","13":"shipping-taxable","14":"purchasable","15":"product-type-variable"},"acf":[],"_links":{"self":[{"href":"https:\/\/www.atta45.se\/e-butik\/wp-json\/wp\/v2\/product\/306083","targetHints":{"allow":["GET"]}}],"collection":[{"href":"https:\/\/www.atta45.se\/e-butik\/wp-json\/wp\/v2\/product"}],"about":[{"href":"https:\/\/www.atta45.se\/e-butik\/wp-json\/wp\/v2\/types\/product"}],"wp:featuredmedia":[{"embeddable":true,"href":"https:\/\/www.atta45.se\/e-butik\/wp-json\/wp\/v2\/media\/306084"}],"wp:attachment":[{"href":"https:\/\/www.atta45.se\/e-butik\/wp-json\/wp\/v2\/media?parent=306083"}],"wp:term":[{"taxonomy":"product_brand","embeddable":true,"href":"https:\/\/www.atta45.se\/e-butik\/wp-json\/wp\/v2\/product_brand?post=306083"},{"taxonomy":"product_cat","embeddable":true,"href":"https:\/\/www.atta45.se\/e-butik\/wp-json\/wp\/v2\/product_cat?post=306083"},{"taxonomy":"product_tag","embeddable":true,"href":"https:\/\/www.atta45.se\/e-butik\/wp-json\/wp\/v2\/product_tag?post=306083"}],"curies":[{"name":"wp","href":"https:\/\/api.w.org\/{rel}","templated":true}]}}