{"id":306068,"date":"2025-04-17T02:17:19","date_gmt":"2025-04-17T00:17:19","guid":{"rendered":"https:\/\/www.atta45.se\/e-butik\/produkt\/utomhushogtalare-i-atervunnen-abs-lois\/"},"modified":"2025-10-27T21:19:26","modified_gmt":"2025-10-27T20:19:26","slug":"utomhushogtalare-i-atervunnen-abs-lois","status":"publish","type":"product","link":"https:\/\/www.atta45.se\/e-butik\/produkt\/utomhushogtalare-i-atervunnen-abs-lois\/","title":{"rendered":"Utomhush\u00f6gtalare i \u00e5tervunnen ABS Lois"},"content":{"rendered":"<p>\u00c5tervunnen ABS utomhush\u00f6gtalare med armband och karbinhake. IPX6-klassad. 3W utg\u00e5ng, DC 5V ing\u00e5ng, 400mAh inbyggt uppladdningsbart batteri, med 4 timmars speltid. Arbetsavst\u00e5nd p\u00e5 15-20 meter, signal-brusf\u00f6rh\u00e5llande p\u00e5 75 dB. Frekvensomr\u00e5de: 100 Hz till 20 kHz. Inkluderar 30 cm Typ-C laddningskabel, inbyggd LED-ficklampa (30 lumen) och solpanel f\u00f6r att f\u00f6rl\u00e4nga anv\u00e4ndningen. Teknik f\u00f6r tr\u00e5dl\u00f6s anslutning: 5.3. Individuellt f\u00f6rpackad i en brun kartong.<\/p>\n","protected":false},"excerpt":{"rendered":"<p>\u00c5tervunnen ABS utomhush\u00f6gtalare med armband och karbinhake. IPX6-klassad. 3W utg\u00e5ng, DC 5V ing\u00e5ng, 400mAh inbyggt uppladdningsbart batteri, med 4 timmars speltid. Arbetsavst\u00e5nd p\u00e5 15-20 meter, signal-brusf\u00f6rh\u00e5llande p\u00e5 75 dB. Frekvensomr\u00e5de: 100 Hz till 20 kHz. Inkluderar 30 cm Typ-C laddningskabel, inbyggd LED-ficklampa (30 lumen) och solpanel f\u00f6r att f\u00f6rl\u00e4nga anv\u00e4ndningen. Teknik f\u00f6r tr\u00e5dl\u00f6s anslutning: 5.3. [&hellip;]<\/p>\n","protected":false},"featured_media":306069,"template":"","meta":{"_acf_changed":false,"_seopress_robots_primary_cat":"","_seopress_titles_title":"","_seopress_titles_desc":"","_seopress_robots_index":""},"product_brand":[],"product_cat":[15],"product_tag":[],"class_list":{"0":"post-306068","1":"product","2":"type-product","3":"status-publish","4":"has-post-thumbnail","6":"product_cat-okategoriserad","7":"atta45_taxonomy-elektronik-kontor-sv","8":"atta45_taxonomy-tema-inspiration-grona-intryck-sv","9":"atta45_taxonomy-elektronik-kontor-powerbank-speakers-sv","11":"first","12":"instock","13":"taxable","14":"shipping-taxable","15":"purchasable","16":"product-type-variable"},"acf":[],"_links":{"self":[{"href":"https:\/\/www.atta45.se\/e-butik\/wp-json\/wp\/v2\/product\/306068","targetHints":{"allow":["GET"]}}],"collection":[{"href":"https:\/\/www.atta45.se\/e-butik\/wp-json\/wp\/v2\/product"}],"about":[{"href":"https:\/\/www.atta45.se\/e-butik\/wp-json\/wp\/v2\/types\/product"}],"wp:featuredmedia":[{"embeddable":true,"href":"https:\/\/www.atta45.se\/e-butik\/wp-json\/wp\/v2\/media\/306069"}],"wp:attachment":[{"href":"https:\/\/www.atta45.se\/e-butik\/wp-json\/wp\/v2\/media?parent=306068"}],"wp:term":[{"taxonomy":"product_brand","embeddable":true,"href":"https:\/\/www.atta45.se\/e-butik\/wp-json\/wp\/v2\/product_brand?post=306068"},{"taxonomy":"product_cat","embeddable":true,"href":"https:\/\/www.atta45.se\/e-butik\/wp-json\/wp\/v2\/product_cat?post=306068"},{"taxonomy":"product_tag","embeddable":true,"href":"https:\/\/www.atta45.se\/e-butik\/wp-json\/wp\/v2\/product_tag?post=306068"}],"curies":[{"name":"wp","href":"https:\/\/api.w.org\/{rel}","templated":true}]}}