{"id":306004,"date":"2025-04-17T02:09:22","date_gmt":"2025-04-17T00:09:22","guid":{"rendered":"https:\/\/www.atta45.se\/e-butik\/produkt\/solskyddskram-i-pappersforpackning-kyle\/"},"modified":"2025-10-27T21:18:46","modified_gmt":"2025-10-27T20:18:46","slug":"solskyddskram-i-pappersforpackning-kyle","status":"publish","type":"product","link":"https:\/\/www.atta45.se\/e-butik\/produkt\/solskyddskram-i-pappersforpackning-kyle\/","title":{"rendered":"Solskyddskr\u00e4m i pappersf\u00f6rpackning Kyle"},"content":{"rendered":"<p>Solkr\u00e4m (50 ml) i en pappersp\u00e5se med PP-lock. Solskyddsfaktor 30.<\/p>\n","protected":false},"excerpt":{"rendered":"<p>Solkr\u00e4m (50 ml) i en pappersp\u00e5se med PP-lock. Solskyddsfaktor 30.<\/p>\n","protected":false},"featured_media":306005,"template":"","meta":{"_acf_changed":false,"_seopress_robots_primary_cat":"","_seopress_titles_title":"","_seopress_titles_desc":"","_seopress_robots_index":""},"product_brand":[],"product_cat":[15],"product_tag":[],"class_list":{"0":"post-306004","1":"product","2":"type-product","3":"status-publish","4":"has-post-thumbnail","6":"product_cat-okategoriserad","7":"atta45_taxonomy-tema-inspiration-grona-intryck-eco-basic-sv","8":"atta45_taxonomy-tema-inspiration-grona-intryck-sv","9":"atta45_taxonomy-halsa-sakerhet-sv","10":"atta45_taxonomy-reflexer-verktyg-sakerhet-sjukvardstillbehor-sv","12":"first","13":"instock","14":"taxable","15":"shipping-taxable","16":"purchasable","17":"product-type-variable"},"acf":[],"_links":{"self":[{"href":"https:\/\/www.atta45.se\/e-butik\/wp-json\/wp\/v2\/product\/306004","targetHints":{"allow":["GET"]}}],"collection":[{"href":"https:\/\/www.atta45.se\/e-butik\/wp-json\/wp\/v2\/product"}],"about":[{"href":"https:\/\/www.atta45.se\/e-butik\/wp-json\/wp\/v2\/types\/product"}],"wp:featuredmedia":[{"embeddable":true,"href":"https:\/\/www.atta45.se\/e-butik\/wp-json\/wp\/v2\/media\/306005"}],"wp:attachment":[{"href":"https:\/\/www.atta45.se\/e-butik\/wp-json\/wp\/v2\/media?parent=306004"}],"wp:term":[{"taxonomy":"product_brand","embeddable":true,"href":"https:\/\/www.atta45.se\/e-butik\/wp-json\/wp\/v2\/product_brand?post=306004"},{"taxonomy":"product_cat","embeddable":true,"href":"https:\/\/www.atta45.se\/e-butik\/wp-json\/wp\/v2\/product_cat?post=306004"},{"taxonomy":"product_tag","embeddable":true,"href":"https:\/\/www.atta45.se\/e-butik\/wp-json\/wp\/v2\/product_tag?post=306004"}],"curies":[{"name":"wp","href":"https:\/\/api.w.org\/{rel}","templated":true}]}}