{"id":305967,"date":"2025-04-17T02:07:16","date_gmt":"2025-04-17T00:07:16","guid":{"rendered":"https:\/\/www.atta45.se\/e-butik\/produkt\/pp-ask-lappbalsam-kimberly\/"},"modified":"2025-10-27T21:18:31","modified_gmt":"2025-10-27T20:18:31","slug":"pp-ask-lappbalsam-kimberly","status":"publish","type":"product","link":"https:\/\/www.atta45.se\/e-butik\/produkt\/pp-ask-lappbalsam-kimberly\/","title":{"rendered":"PP-ask l\u00e4ppbalsam Kimberly"},"content":{"rendered":"<p>PP-ask med l\u00e4ppbalsam (4 gram). Upph\u00f6r att g\u00e4lla 3 \u00e5r efter produktion. F\u00f6rpackad i bulk med silkespapper.<\/p>\n","protected":false},"excerpt":{"rendered":"<p>PP-ask med l\u00e4ppbalsam (4 gram). Upph\u00f6r att g\u00e4lla 3 \u00e5r efter produktion. F\u00f6rpackad i bulk med silkespapper.<\/p>\n","protected":false},"featured_media":305968,"template":"","meta":{"_acf_changed":false,"_seopress_robots_primary_cat":"","_seopress_titles_title":"","_seopress_titles_desc":"","_seopress_robots_index":""},"product_brand":[],"product_cat":[15],"product_tag":[],"class_list":{"0":"post-305967","1":"product","2":"type-product","3":"status-publish","4":"has-post-thumbnail","6":"product_cat-okategoriserad","7":"atta45_taxonomy-hem-hushall-sv","8":"atta45_taxonomy-praktiska-ting-lappglans-sv","10":"first","11":"instock","12":"taxable","13":"shipping-taxable","14":"purchasable","15":"product-type-variable"},"acf":[],"_links":{"self":[{"href":"https:\/\/www.atta45.se\/e-butik\/wp-json\/wp\/v2\/product\/305967","targetHints":{"allow":["GET"]}}],"collection":[{"href":"https:\/\/www.atta45.se\/e-butik\/wp-json\/wp\/v2\/product"}],"about":[{"href":"https:\/\/www.atta45.se\/e-butik\/wp-json\/wp\/v2\/types\/product"}],"wp:featuredmedia":[{"embeddable":true,"href":"https:\/\/www.atta45.se\/e-butik\/wp-json\/wp\/v2\/media\/305968"}],"wp:attachment":[{"href":"https:\/\/www.atta45.se\/e-butik\/wp-json\/wp\/v2\/media?parent=305967"}],"wp:term":[{"taxonomy":"product_brand","embeddable":true,"href":"https:\/\/www.atta45.se\/e-butik\/wp-json\/wp\/v2\/product_brand?post=305967"},{"taxonomy":"product_cat","embeddable":true,"href":"https:\/\/www.atta45.se\/e-butik\/wp-json\/wp\/v2\/product_cat?post=305967"},{"taxonomy":"product_tag","embeddable":true,"href":"https:\/\/www.atta45.se\/e-butik\/wp-json\/wp\/v2\/product_tag?post=305967"}],"curies":[{"name":"wp","href":"https:\/\/api.w.org\/{rel}","templated":true}]}}