{"id":305930,"date":"2025-04-17T02:04:14","date_gmt":"2025-04-17T00:04:14","guid":{"rendered":"https:\/\/www.atta45.se\/e-butik\/produkt\/diffuser-i-glas-ken\/"},"modified":"2025-10-27T21:17:50","modified_gmt":"2025-10-27T20:17:50","slug":"diffuser-i-glas-ken","status":"publish","type":"product","link":"https:\/\/www.atta45.se\/e-butik\/produkt\/diffuser-i-glas-ken\/","title":{"rendered":"Diffuser i glas Ken"},"content":{"rendered":"<p>Diffuser i glas (100 ml) med sex r\u00f6rpinnar. Doften varierar beroende p\u00e5 f\u00e4rg: Brun \u00e4r talldoft, transparent \u00e4r vit jasmindoft, koboltbl\u00e5 \u00e4r havsdoft. Individuellt f\u00f6rpackad i en brun kartong.<\/p>\n","protected":false},"excerpt":{"rendered":"<p>Diffuser i glas (100 ml) med sex r\u00f6rpinnar. Doften varierar beroende p\u00e5 f\u00e4rg: Brun \u00e4r talldoft, transparent \u00e4r vit jasmindoft, koboltbl\u00e5 \u00e4r havsdoft. Individuellt f\u00f6rpackad i en brun kartong.<\/p>\n","protected":false},"featured_media":305931,"template":"","meta":{"_acf_changed":false,"_seopress_robots_primary_cat":"","_seopress_titles_title":"","_seopress_titles_desc":"","_seopress_robots_index":""},"product_brand":[],"product_cat":[15],"product_tag":[],"class_list":{"0":"post-305930","1":"product","2":"type-product","3":"status-publish","4":"has-post-thumbnail","6":"product_cat-okategoriserad","7":"atta45_taxonomy-hem-hushall-sv","8":"atta45_taxonomy-hem-hushall-ljus-doftset-sv","10":"first","11":"instock","12":"taxable","13":"shipping-taxable","14":"purchasable","15":"product-type-variable"},"acf":[],"_links":{"self":[{"href":"https:\/\/www.atta45.se\/e-butik\/wp-json\/wp\/v2\/product\/305930","targetHints":{"allow":["GET"]}}],"collection":[{"href":"https:\/\/www.atta45.se\/e-butik\/wp-json\/wp\/v2\/product"}],"about":[{"href":"https:\/\/www.atta45.se\/e-butik\/wp-json\/wp\/v2\/types\/product"}],"wp:featuredmedia":[{"embeddable":true,"href":"https:\/\/www.atta45.se\/e-butik\/wp-json\/wp\/v2\/media\/305931"}],"wp:attachment":[{"href":"https:\/\/www.atta45.se\/e-butik\/wp-json\/wp\/v2\/media?parent=305930"}],"wp:term":[{"taxonomy":"product_brand","embeddable":true,"href":"https:\/\/www.atta45.se\/e-butik\/wp-json\/wp\/v2\/product_brand?post=305930"},{"taxonomy":"product_cat","embeddable":true,"href":"https:\/\/www.atta45.se\/e-butik\/wp-json\/wp\/v2\/product_cat?post=305930"},{"taxonomy":"product_tag","embeddable":true,"href":"https:\/\/www.atta45.se\/e-butik\/wp-json\/wp\/v2\/product_tag?post=305930"}],"curies":[{"name":"wp","href":"https:\/\/api.w.org\/{rel}","templated":true}]}}