{"id":305905,"date":"2025-04-17T02:01:14","date_gmt":"2025-04-17T00:01:14","guid":{"rendered":"https:\/\/www.atta45.se\/e-butik\/produkt\/mugg-i-rostfritt-stal-med-dubbla-vaggar-300-ml-keith\/"},"modified":"2025-10-27T21:17:27","modified_gmt":"2025-10-27T20:17:27","slug":"mugg-i-rostfritt-stal-med-dubbla-vaggar-300-ml-keith","status":"publish","type":"product","link":"https:\/\/www.atta45.se\/e-butik\/produkt\/mugg-i-rostfritt-stal-med-dubbla-vaggar-300-ml-keith\/","title":{"rendered":"Mugg i rostfritt st\u00e5l med dubbla v\u00e4ggar (300 ml) Keith"},"content":{"rendered":"<p>Dubbelv\u00e4ggig mugg i rostfritt st\u00e5l (300 ml) med PP-lock och silikongrepp. H\u00e5ller inneh\u00e5llet varmt i 4 timmar och kallt i 6 timmar. Interi\u00f6ren \u00e4r gjord av rostfritt st\u00e5l 304, och exteri\u00f6ren \u00e4r rostfritt st\u00e5l 201. Individuellt f\u00f6rpackad i en brun kartong.<\/p>\n","protected":false},"excerpt":{"rendered":"<p>Dubbelv\u00e4ggig mugg i rostfritt st\u00e5l (300 ml) med PP-lock och silikongrepp. H\u00e5ller inneh\u00e5llet varmt i 4 timmar och kallt i 6 timmar. Interi\u00f6ren \u00e4r gjord av rostfritt st\u00e5l 304, och exteri\u00f6ren \u00e4r rostfritt st\u00e5l 201. Individuellt f\u00f6rpackad i en brun kartong.<\/p>\n","protected":false},"featured_media":305906,"template":"","meta":{"_acf_changed":false,"_seopress_robots_primary_cat":"","_seopress_titles_title":"","_seopress_titles_desc":"","_seopress_robots_index":""},"product_brand":[],"product_cat":[15],"product_tag":[],"class_list":{"0":"post-305905","1":"product","2":"type-product","3":"status-publish","4":"has-post-thumbnail","6":"product_cat-okategoriserad","7":"atta45_taxonomy-flaskor-sv","8":"atta45_taxonomy-fritid-vattenflaskor-sv","10":"first","11":"instock","12":"taxable","13":"shipping-taxable","14":"purchasable","15":"product-type-variable"},"acf":[],"_links":{"self":[{"href":"https:\/\/www.atta45.se\/e-butik\/wp-json\/wp\/v2\/product\/305905","targetHints":{"allow":["GET"]}}],"collection":[{"href":"https:\/\/www.atta45.se\/e-butik\/wp-json\/wp\/v2\/product"}],"about":[{"href":"https:\/\/www.atta45.se\/e-butik\/wp-json\/wp\/v2\/types\/product"}],"wp:featuredmedia":[{"embeddable":true,"href":"https:\/\/www.atta45.se\/e-butik\/wp-json\/wp\/v2\/media\/305906"}],"wp:attachment":[{"href":"https:\/\/www.atta45.se\/e-butik\/wp-json\/wp\/v2\/media?parent=305905"}],"wp:term":[{"taxonomy":"product_brand","embeddable":true,"href":"https:\/\/www.atta45.se\/e-butik\/wp-json\/wp\/v2\/product_brand?post=305905"},{"taxonomy":"product_cat","embeddable":true,"href":"https:\/\/www.atta45.se\/e-butik\/wp-json\/wp\/v2\/product_cat?post=305905"},{"taxonomy":"product_tag","embeddable":true,"href":"https:\/\/www.atta45.se\/e-butik\/wp-json\/wp\/v2\/product_tag?post=305905"}],"curies":[{"name":"wp","href":"https:\/\/api.w.org\/{rel}","templated":true}]}}