{"id":305880,"date":"2025-04-17T01:58:14","date_gmt":"2025-04-16T23:58:14","guid":{"rendered":"https:\/\/www.atta45.se\/e-butik\/produkt\/dricksmugg-i-atervunnet-rostfritt-stal-med-dubbla-vaggar-500-ml-kayla\/"},"modified":"2025-10-27T21:17:13","modified_gmt":"2025-10-27T20:17:13","slug":"dricksmugg-i-atervunnet-rostfritt-stal-med-dubbla-vaggar-500-ml-kayla","status":"publish","type":"product","link":"https:\/\/www.atta45.se\/e-butik\/produkt\/dricksmugg-i-atervunnet-rostfritt-stal-med-dubbla-vaggar-500-ml-kayla\/","title":{"rendered":"Dricksmugg i \u00e5tervunnet rostfritt st\u00e5l med dubbla v\u00e4ggar 500 ml Kayla"},"content":{"rendered":"<p>Mugg i \u00e5tervunnet rostfritt st\u00e5l med dubbla v\u00e4ggar (500 ml) med PP-lock och matchande b\u00e4rrem. Interi\u00f6ren \u00e4r gjord av rostfritt st\u00e5l 304, och exteri\u00f6ren \u00e4r rostfritt st\u00e5l 201. H\u00e5ller inneh\u00e5llet varmt i 5 timmar och kallt i 8 timmar. Logotype \u00e5tervunnen ingraverad p\u00e5 flaskan. Individuellt f\u00f6rpackad i en brun kartong.<\/p>\n","protected":false},"excerpt":{"rendered":"<p>Mugg i \u00e5tervunnet rostfritt st\u00e5l med dubbla v\u00e4ggar (500 ml) med PP-lock och matchande b\u00e4rrem. Interi\u00f6ren \u00e4r gjord av rostfritt st\u00e5l 304, och exteri\u00f6ren \u00e4r rostfritt st\u00e5l 201. H\u00e5ller inneh\u00e5llet varmt i 5 timmar och kallt i 8 timmar. Logotype \u00e5tervunnen ingraverad p\u00e5 flaskan. Individuellt f\u00f6rpackad i en brun kartong.<\/p>\n","protected":false},"featured_media":305881,"template":"","meta":{"_acf_changed":false,"_seopress_robots_primary_cat":"","_seopress_titles_title":"","_seopress_titles_desc":"","_seopress_robots_index":""},"product_brand":[],"product_cat":[15],"product_tag":[],"class_list":{"0":"post-305880","1":"product","2":"type-product","3":"status-publish","4":"has-post-thumbnail","6":"product_cat-okategoriserad","7":"atta45_taxonomy-flaskor-sv","8":"atta45_taxonomy-tema-inspiration-grona-intryck-sv","9":"atta45_taxonomy-fritid-vattenflaskor-sv","11":"first","12":"instock","13":"taxable","14":"shipping-taxable","15":"purchasable","16":"product-type-variable"},"acf":[],"_links":{"self":[{"href":"https:\/\/www.atta45.se\/e-butik\/wp-json\/wp\/v2\/product\/305880","targetHints":{"allow":["GET"]}}],"collection":[{"href":"https:\/\/www.atta45.se\/e-butik\/wp-json\/wp\/v2\/product"}],"about":[{"href":"https:\/\/www.atta45.se\/e-butik\/wp-json\/wp\/v2\/types\/product"}],"wp:featuredmedia":[{"embeddable":true,"href":"https:\/\/www.atta45.se\/e-butik\/wp-json\/wp\/v2\/media\/305881"}],"wp:attachment":[{"href":"https:\/\/www.atta45.se\/e-butik\/wp-json\/wp\/v2\/media?parent=305880"}],"wp:term":[{"taxonomy":"product_brand","embeddable":true,"href":"https:\/\/www.atta45.se\/e-butik\/wp-json\/wp\/v2\/product_brand?post=305880"},{"taxonomy":"product_cat","embeddable":true,"href":"https:\/\/www.atta45.se\/e-butik\/wp-json\/wp\/v2\/product_cat?post=305880"},{"taxonomy":"product_tag","embeddable":true,"href":"https:\/\/www.atta45.se\/e-butik\/wp-json\/wp\/v2\/product_tag?post=305880"}],"curies":[{"name":"wp","href":"https:\/\/api.w.org\/{rel}","templated":true}]}}