{"id":305827,"date":"2025-04-17T01:53:14","date_gmt":"2025-04-16T23:53:14","guid":{"rendered":"https:\/\/www.atta45.se\/e-butik\/produkt\/grillset-i-rostfritt-stal-kathleen\/"},"modified":"2025-10-27T21:16:49","modified_gmt":"2025-10-27T20:16:49","slug":"grillset-i-rostfritt-stal-kathleen","status":"publish","type":"product","link":"https:\/\/www.atta45.se\/e-butik\/produkt\/grillset-i-rostfritt-stal-kathleen\/","title":{"rendered":"Grillset i rostfritt st\u00e5l Kathleen"},"content":{"rendered":"<p>Grillset i rostfritt st\u00e5l med tr\u00e4handtag. Verktygen inkluderar en kniv, gaffel, t\u00e5ng och en sk\u00e4rbr\u00e4da i tr\u00e4. F\u00f6rpackad i en 300D polyesterficka med dragkedja och en framficka.<\/p>\n","protected":false},"excerpt":{"rendered":"<p>Grillset i rostfritt st\u00e5l med tr\u00e4handtag. Verktygen inkluderar en kniv, gaffel, t\u00e5ng och en sk\u00e4rbr\u00e4da i tr\u00e4. F\u00f6rpackad i en 300D polyesterficka med dragkedja och en framficka.<\/p>\n","protected":false},"featured_media":305828,"template":"","meta":{"_acf_changed":false,"_seopress_robots_primary_cat":"","_seopress_titles_title":"","_seopress_titles_desc":"","_seopress_robots_index":""},"product_brand":[],"product_cat":[15],"product_tag":[],"class_list":{"0":"post-305827","1":"product","2":"type-product","3":"status-publish","4":"has-post-thumbnail","6":"product_cat-okategoriserad","7":"atta45_taxonomy-tema-inspiration-grona-intryck-bambu-sv","8":"atta45_taxonomy-tema-inspiration-grona-intryck-eco-basic-sv","9":"atta45_taxonomy-fritid-sv","10":"atta45_taxonomy-fritid-grilltillbehor-sv","11":"atta45_taxonomy-tema-inspiration-grona-intryck-sv","13":"first","14":"instock","15":"taxable","16":"shipping-taxable","17":"purchasable","18":"product-type-variable"},"acf":[],"_links":{"self":[{"href":"https:\/\/www.atta45.se\/e-butik\/wp-json\/wp\/v2\/product\/305827","targetHints":{"allow":["GET"]}}],"collection":[{"href":"https:\/\/www.atta45.se\/e-butik\/wp-json\/wp\/v2\/product"}],"about":[{"href":"https:\/\/www.atta45.se\/e-butik\/wp-json\/wp\/v2\/types\/product"}],"wp:featuredmedia":[{"embeddable":true,"href":"https:\/\/www.atta45.se\/e-butik\/wp-json\/wp\/v2\/media\/305828"}],"wp:attachment":[{"href":"https:\/\/www.atta45.se\/e-butik\/wp-json\/wp\/v2\/media?parent=305827"}],"wp:term":[{"taxonomy":"product_brand","embeddable":true,"href":"https:\/\/www.atta45.se\/e-butik\/wp-json\/wp\/v2\/product_brand?post=305827"},{"taxonomy":"product_cat","embeddable":true,"href":"https:\/\/www.atta45.se\/e-butik\/wp-json\/wp\/v2\/product_cat?post=305827"},{"taxonomy":"product_tag","embeddable":true,"href":"https:\/\/www.atta45.se\/e-butik\/wp-json\/wp\/v2\/product_tag?post=305827"}],"curies":[{"name":"wp","href":"https:\/\/api.w.org\/{rel}","templated":true}]}}