{"id":305803,"date":"2025-04-17T01:51:15","date_gmt":"2025-04-16T23:51:15","guid":{"rendered":"https:\/\/www.atta45.se\/e-butik\/produkt\/1680d-polyester-vaska-johnny\/"},"modified":"2025-10-27T21:15:34","modified_gmt":"2025-10-27T20:15:34","slug":"1680d-polyester-vaska-johnny","status":"publish","type":"product","link":"https:\/\/www.atta45.se\/e-butik\/produkt\/1680d-polyester-vaska-johnny\/","title":{"rendered":"1680D polyester v\u00e4ska Johnny"},"content":{"rendered":"<p>1680D polyester vikbar f\u00f6rvaringsv\u00e4ska med plastsp\u00e4nne. Med flera fickor och fack med dragkedja inuti f\u00f6r f\u00f6rvaring av laddningskablar eller enheter.<\/p>\n","protected":false},"excerpt":{"rendered":"<p>1680D polyester vikbar f\u00f6rvaringsv\u00e4ska med plastsp\u00e4nne. Med flera fickor och fack med dragkedja inuti f\u00f6r f\u00f6rvaring av laddningskablar eller enheter.<\/p>\n","protected":false},"featured_media":305804,"template":"","meta":{"_acf_changed":false,"_seopress_robots_primary_cat":"","_seopress_titles_title":"","_seopress_titles_desc":"","_seopress_robots_index":""},"product_brand":[],"product_cat":[15],"product_tag":[],"class_list":{"0":"post-305803","1":"product","2":"type-product","3":"status-publish","4":"has-post-thumbnail","6":"product_cat-okategoriserad","7":"atta45_taxonomy-vaskor-resetillbehor-researtiklar-sv","8":"atta45_taxonomy-vaskor-resetillbehor-sv","10":"first","11":"instock","12":"taxable","13":"shipping-taxable","14":"purchasable","15":"product-type-variable"},"acf":[],"_links":{"self":[{"href":"https:\/\/www.atta45.se\/e-butik\/wp-json\/wp\/v2\/product\/305803","targetHints":{"allow":["GET"]}}],"collection":[{"href":"https:\/\/www.atta45.se\/e-butik\/wp-json\/wp\/v2\/product"}],"about":[{"href":"https:\/\/www.atta45.se\/e-butik\/wp-json\/wp\/v2\/types\/product"}],"wp:featuredmedia":[{"embeddable":true,"href":"https:\/\/www.atta45.se\/e-butik\/wp-json\/wp\/v2\/media\/305804"}],"wp:attachment":[{"href":"https:\/\/www.atta45.se\/e-butik\/wp-json\/wp\/v2\/media?parent=305803"}],"wp:term":[{"taxonomy":"product_brand","embeddable":true,"href":"https:\/\/www.atta45.se\/e-butik\/wp-json\/wp\/v2\/product_brand?post=305803"},{"taxonomy":"product_cat","embeddable":true,"href":"https:\/\/www.atta45.se\/e-butik\/wp-json\/wp\/v2\/product_cat?post=305803"},{"taxonomy":"product_tag","embeddable":true,"href":"https:\/\/www.atta45.se\/e-butik\/wp-json\/wp\/v2\/product_tag?post=305803"}],"curies":[{"name":"wp","href":"https:\/\/api.w.org\/{rel}","templated":true}]}}