{"id":305789,"date":"2025-04-17T01:50:13","date_gmt":"2025-04-16T23:50:13","guid":{"rendered":"https:\/\/www.atta45.se\/e-butik\/produkt\/nyckelring-i-atervunnet-lader-joan\/"},"modified":"2025-10-27T21:15:22","modified_gmt":"2025-10-27T20:15:22","slug":"nyckelring-i-atervunnet-lader-joan","status":"publish","type":"product","link":"https:\/\/www.atta45.se\/e-butik\/produkt\/nyckelring-i-atervunnet-lader-joan\/","title":{"rendered":"Nyckelring i \u00e5tervunnet l\u00e4der Joan"},"content":{"rendered":"<p>Nyckelring i \u00e5tervunnet l\u00e4der med en metallring. I form av en bil. Inkluderar pr\u00e4glad logotyp \u00e5tervunnet l\u00e4der p\u00e5 sidan. Individuellt f\u00f6rpackad i ett brunt kartongfodral.<\/p>\n","protected":false},"excerpt":{"rendered":"<p>Nyckelring i \u00e5tervunnet l\u00e4der med en metallring. I form av en bil. Inkluderar pr\u00e4glad logotyp \u00e5tervunnet l\u00e4der p\u00e5 sidan. Individuellt f\u00f6rpackad i ett brunt kartongfodral.<\/p>\n","protected":false},"featured_media":305790,"template":"","meta":{"_acf_changed":false,"_seopress_robots_primary_cat":"","_seopress_titles_title":"","_seopress_titles_desc":"","_seopress_robots_index":""},"product_brand":[],"product_cat":[15],"product_tag":[],"class_list":{"0":"post-305789","1":"product","2":"type-product","3":"status-publish","4":"has-post-thumbnail","6":"product_cat-okategoriserad","7":"atta45_taxonomy-tema-inspiration-grona-intryck-sv","8":"atta45_taxonomy-praktiska-ting-nyckelringar-utan-lampor-sv","10":"first","11":"instock","12":"taxable","13":"shipping-taxable","14":"purchasable","15":"product-type-variable"},"acf":[],"_links":{"self":[{"href":"https:\/\/www.atta45.se\/e-butik\/wp-json\/wp\/v2\/product\/305789","targetHints":{"allow":["GET"]}}],"collection":[{"href":"https:\/\/www.atta45.se\/e-butik\/wp-json\/wp\/v2\/product"}],"about":[{"href":"https:\/\/www.atta45.se\/e-butik\/wp-json\/wp\/v2\/types\/product"}],"wp:featuredmedia":[{"embeddable":true,"href":"https:\/\/www.atta45.se\/e-butik\/wp-json\/wp\/v2\/media\/305790"}],"wp:attachment":[{"href":"https:\/\/www.atta45.se\/e-butik\/wp-json\/wp\/v2\/media?parent=305789"}],"wp:term":[{"taxonomy":"product_brand","embeddable":true,"href":"https:\/\/www.atta45.se\/e-butik\/wp-json\/wp\/v2\/product_brand?post=305789"},{"taxonomy":"product_cat","embeddable":true,"href":"https:\/\/www.atta45.se\/e-butik\/wp-json\/wp\/v2\/product_cat?post=305789"},{"taxonomy":"product_tag","embeddable":true,"href":"https:\/\/www.atta45.se\/e-butik\/wp-json\/wp\/v2\/product_tag?post=305789"}],"curies":[{"name":"wp","href":"https:\/\/api.w.org\/{rel}","templated":true}]}}