{"id":305717,"date":"2025-04-17T01:45:14","date_gmt":"2025-04-16T23:45:14","guid":{"rendered":"https:\/\/www.atta45.se\/e-butik\/produkt\/metallkniv-jeffrey\/"},"modified":"2025-10-27T21:14:29","modified_gmt":"2025-10-27T20:14:29","slug":"metallkniv-jeffrey","status":"publish","type":"product","link":"https:\/\/www.atta45.se\/e-butik\/produkt\/metallkniv-jeffrey\/","title":{"rendered":"Metallkniv Jeffrey"},"content":{"rendered":"<p>Metallkniv med bambukropp. Har en metallkl\u00e4mma p\u00e5 baksidan f\u00f6r att f\u00e4sta kniven n\u00e4r den inte anv\u00e4nds. Bladen \u00e4r tillverkade av kolst\u00e5l. Individuellt f\u00f6rpackad i en \u00e5tervunnen plastp\u00e5se.<\/p>\n","protected":false},"excerpt":{"rendered":"<p>Metallkniv med bambukropp. Har en metallkl\u00e4mma p\u00e5 baksidan f\u00f6r att f\u00e4sta kniven n\u00e4r den inte anv\u00e4nds. Bladen \u00e4r tillverkade av kolst\u00e5l. Individuellt f\u00f6rpackad i en \u00e5tervunnen plastp\u00e5se.<\/p>\n","protected":false},"featured_media":305718,"template":"","meta":{"_acf_changed":false,"_seopress_robots_primary_cat":"","_seopress_titles_title":"","_seopress_titles_desc":"","_seopress_robots_index":""},"product_brand":[],"product_cat":[15],"product_tag":[],"class_list":{"0":"post-305717","1":"product","2":"type-product","3":"status-publish","4":"has-post-thumbnail","6":"product_cat-okategoriserad","7":"atta45_taxonomy-tema-inspiration-grona-intryck-bambu-sv","8":"atta45_taxonomy-tema-inspiration-grona-intryck-sv","9":"atta45_taxonomy-reflexer-verktyg-sakerhet-knivar-sv","10":"atta45_taxonomy-reflexer-verktyg-sakerhet-verktyg-sv","12":"first","13":"instock","14":"taxable","15":"shipping-taxable","16":"purchasable","17":"product-type-variable"},"acf":[],"_links":{"self":[{"href":"https:\/\/www.atta45.se\/e-butik\/wp-json\/wp\/v2\/product\/305717","targetHints":{"allow":["GET"]}}],"collection":[{"href":"https:\/\/www.atta45.se\/e-butik\/wp-json\/wp\/v2\/product"}],"about":[{"href":"https:\/\/www.atta45.se\/e-butik\/wp-json\/wp\/v2\/types\/product"}],"wp:featuredmedia":[{"embeddable":true,"href":"https:\/\/www.atta45.se\/e-butik\/wp-json\/wp\/v2\/media\/305718"}],"wp:attachment":[{"href":"https:\/\/www.atta45.se\/e-butik\/wp-json\/wp\/v2\/media?parent=305717"}],"wp:term":[{"taxonomy":"product_brand","embeddable":true,"href":"https:\/\/www.atta45.se\/e-butik\/wp-json\/wp\/v2\/product_brand?post=305717"},{"taxonomy":"product_cat","embeddable":true,"href":"https:\/\/www.atta45.se\/e-butik\/wp-json\/wp\/v2\/product_cat?post=305717"},{"taxonomy":"product_tag","embeddable":true,"href":"https:\/\/www.atta45.se\/e-butik\/wp-json\/wp\/v2\/product_tag?post=305717"}],"curies":[{"name":"wp","href":"https:\/\/api.w.org\/{rel}","templated":true}]}}