{"id":305686,"date":"2025-04-17T01:43:13","date_gmt":"2025-04-16T23:43:13","guid":{"rendered":"https:\/\/www.atta45.se\/e-butik\/produkt\/tradgardsredskap-set-i-tra-jeanette\/"},"modified":"2025-10-27T21:13:39","modified_gmt":"2025-10-27T20:13:39","slug":"tradgardsredskap-set-i-tra-jeanette","status":"publish","type":"product","link":"https:\/\/www.atta45.se\/e-butik\/produkt\/tradgardsredskap-set-i-tra-jeanette\/","title":{"rendered":"Tr\u00e4dg\u00e5rdsredskap set i tr\u00e4 Jeanette"},"content":{"rendered":"<p>Tr\u00e4dg\u00e5rdsredskapsset i tr\u00e4, inklusive tv\u00e5 olika spadar och en harv. Verktygen \u00e4r gjorda av rostfritt st\u00e5l och handtagen \u00e4r gjorda av tr\u00e4. Individuellt f\u00f6rpackad i en bomullsp\u00e5se med dragsko.<\/p>\n","protected":false},"excerpt":{"rendered":"<p>Tr\u00e4dg\u00e5rdsredskapsset i tr\u00e4, inklusive tv\u00e5 olika spadar och en harv. Verktygen \u00e4r gjorda av rostfritt st\u00e5l och handtagen \u00e4r gjorda av tr\u00e4. Individuellt f\u00f6rpackad i en bomullsp\u00e5se med dragsko.<\/p>\n","protected":false},"featured_media":305687,"template":"","meta":{"_acf_changed":false,"_seopress_robots_primary_cat":"","_seopress_titles_title":"","_seopress_titles_desc":"","_seopress_robots_index":""},"product_brand":[],"product_cat":[15],"product_tag":[],"class_list":{"0":"post-305686","1":"product","2":"type-product","3":"status-publish","4":"has-post-thumbnail","6":"product_cat-okategoriserad","7":"atta45_taxonomy-fritid-sv","8":"atta45_taxonomy-tema-inspiration-grona-intryck-sv","10":"first","11":"instock","12":"taxable","13":"shipping-taxable","14":"purchasable","15":"product-type-variable"},"acf":[],"_links":{"self":[{"href":"https:\/\/www.atta45.se\/e-butik\/wp-json\/wp\/v2\/product\/305686","targetHints":{"allow":["GET"]}}],"collection":[{"href":"https:\/\/www.atta45.se\/e-butik\/wp-json\/wp\/v2\/product"}],"about":[{"href":"https:\/\/www.atta45.se\/e-butik\/wp-json\/wp\/v2\/types\/product"}],"wp:featuredmedia":[{"embeddable":true,"href":"https:\/\/www.atta45.se\/e-butik\/wp-json\/wp\/v2\/media\/305687"}],"wp:attachment":[{"href":"https:\/\/www.atta45.se\/e-butik\/wp-json\/wp\/v2\/media?parent=305686"}],"wp:term":[{"taxonomy":"product_brand","embeddable":true,"href":"https:\/\/www.atta45.se\/e-butik\/wp-json\/wp\/v2\/product_brand?post=305686"},{"taxonomy":"product_cat","embeddable":true,"href":"https:\/\/www.atta45.se\/e-butik\/wp-json\/wp\/v2\/product_cat?post=305686"},{"taxonomy":"product_tag","embeddable":true,"href":"https:\/\/www.atta45.se\/e-butik\/wp-json\/wp\/v2\/product_tag?post=305686"}],"curies":[{"name":"wp","href":"https:\/\/api.w.org\/{rel}","templated":true}]}}