{"id":305652,"date":"2025-04-17T01:40:12","date_gmt":"2025-04-16T23:40:12","guid":{"rendered":"https:\/\/www.atta45.se\/e-butik\/produkt\/abs-tradlosa-horlurar-janice\/"},"modified":"2025-10-27T21:13:10","modified_gmt":"2025-10-27T20:13:10","slug":"abs-tradlosa-horlurar-janice","status":"publish","type":"product","link":"https:\/\/www.atta45.se\/e-butik\/produkt\/abs-tradlosa-horlurar-janice\/","title":{"rendered":"ABS tr\u00e5dl\u00f6sa h\u00f6rlurar Janice"},"content":{"rendered":"<p>ABS on-ear tr\u00e5dl\u00f6sa h\u00f6rlurar med ett batteri med en kapacitet p\u00e5 250 mAh. Typ-C-anslutning. Uppspelningstid p\u00e5 ca 10 timmar, med en standbytid p\u00e5 ca 200 timmar. Laddningstiden \u00e4r 2 timmar. Funktioner f\u00f6r FM-radio, ins\u00e4ttning av TD-kort och tr\u00e5dl\u00f6s anslutningsteknik 5.3. Frekvensomr\u00e5de: 20-20 000 Hz. 32 ohm, decibelklassning: 105 dB \u00b1 3 dB. Tr\u00e5dl\u00f6s r\u00e4ckvidd: 10-20 meter. F\u00f6rpackad per styck, inklusive laddningskabel och manual, i en presentf\u00f6rpackning.<\/p>\n","protected":false},"excerpt":{"rendered":"<p>ABS on-ear tr\u00e5dl\u00f6sa h\u00f6rlurar med ett batteri med en kapacitet p\u00e5 250 mAh. Typ-C-anslutning. Uppspelningstid p\u00e5 ca 10 timmar, med en standbytid p\u00e5 ca 200 timmar. Laddningstiden \u00e4r 2 timmar. Funktioner f\u00f6r FM-radio, ins\u00e4ttning av TD-kort och tr\u00e5dl\u00f6s anslutningsteknik 5.3. Frekvensomr\u00e5de: 20-20 000 Hz. 32 ohm, decibelklassning: 105 dB \u00b1 3 dB. Tr\u00e5dl\u00f6s r\u00e4ckvidd: 10-20 [&hellip;]<\/p>\n","protected":false},"featured_media":305653,"template":"","meta":{"_acf_changed":false,"_seopress_robots_primary_cat":"","_seopress_titles_title":"","_seopress_titles_desc":"","_seopress_robots_index":""},"product_brand":[],"product_cat":[15],"product_tag":[],"class_list":{"0":"post-305652","1":"product","2":"type-product","3":"status-publish","4":"has-post-thumbnail","6":"product_cat-okategoriserad","7":"atta45_taxonomy-elektronik-kontor-sv","8":"atta45_taxonomy-mobiltillbehor-mobiltillbehor-sv","9":"atta45_taxonomy-elektronik-kontor-powerbank-speakers-sv","11":"first","12":"instock","13":"taxable","14":"shipping-taxable","15":"purchasable","16":"product-type-variable"},"acf":[],"_links":{"self":[{"href":"https:\/\/www.atta45.se\/e-butik\/wp-json\/wp\/v2\/product\/305652","targetHints":{"allow":["GET"]}}],"collection":[{"href":"https:\/\/www.atta45.se\/e-butik\/wp-json\/wp\/v2\/product"}],"about":[{"href":"https:\/\/www.atta45.se\/e-butik\/wp-json\/wp\/v2\/types\/product"}],"wp:featuredmedia":[{"embeddable":true,"href":"https:\/\/www.atta45.se\/e-butik\/wp-json\/wp\/v2\/media\/305653"}],"wp:attachment":[{"href":"https:\/\/www.atta45.se\/e-butik\/wp-json\/wp\/v2\/media?parent=305652"}],"wp:term":[{"taxonomy":"product_brand","embeddable":true,"href":"https:\/\/www.atta45.se\/e-butik\/wp-json\/wp\/v2\/product_brand?post=305652"},{"taxonomy":"product_cat","embeddable":true,"href":"https:\/\/www.atta45.se\/e-butik\/wp-json\/wp\/v2\/product_cat?post=305652"},{"taxonomy":"product_tag","embeddable":true,"href":"https:\/\/www.atta45.se\/e-butik\/wp-json\/wp\/v2\/product_tag?post=305652"}],"curies":[{"name":"wp","href":"https:\/\/api.w.org\/{rel}","templated":true}]}}