{"id":305633,"date":"2025-04-17T01:39:14","date_gmt":"2025-04-16T23:39:14","guid":{"rendered":"https:\/\/www.atta45.se\/e-butik\/produkt\/laddningskabel-i-nylon-janet\/"},"modified":"2025-10-27T21:12:56","modified_gmt":"2025-10-27T20:12:56","slug":"laddningskabel-i-nylon-janet","status":"publish","type":"product","link":"https:\/\/www.atta45.se\/e-butik\/produkt\/laddningskabel-i-nylon-janet\/","title":{"rendered":"Laddningskabel i nylon Janet"},"content":{"rendered":"<p>Nylon Typ-C till Typ-C data- och laddningskabel med en l\u00e4ngd p\u00e5 1 meter. Datahastighet p\u00e5 240 Mbit\/s. Den inbyggda magneten g\u00f6r att kabeln rullas upp automatiskt p\u00e5 ett strukturerat s\u00e4tt. 240 Mbps datahastighet \/ 60W laddningseffekt. Individuellt f\u00f6rpackad i en presentf\u00f6rpackning i brun kartong.<\/p>\n","protected":false},"excerpt":{"rendered":"<p>Nylon Typ-C till Typ-C data- och laddningskabel med en l\u00e4ngd p\u00e5 1 meter. Datahastighet p\u00e5 240 Mbit\/s. Den inbyggda magneten g\u00f6r att kabeln rullas upp automatiskt p\u00e5 ett strukturerat s\u00e4tt. 240 Mbps datahastighet \/ 60W laddningseffekt. Individuellt f\u00f6rpackad i en presentf\u00f6rpackning i brun kartong.<\/p>\n","protected":false},"featured_media":305634,"template":"","meta":{"_acf_changed":false,"_seopress_robots_primary_cat":"","_seopress_titles_title":"","_seopress_titles_desc":"","_seopress_robots_index":""},"product_brand":[],"product_cat":[15],"product_tag":[],"class_list":{"0":"post-305633","1":"product","2":"type-product","3":"status-publish","4":"has-post-thumbnail","6":"product_cat-okategoriserad","7":"atta45_taxonomy-elektronik-kontor-datortillbehor-sv","8":"atta45_taxonomy-elektronik-kontor-sv","9":"atta45_taxonomy-elektronik-kontor-kontorsartiklar-sv","10":"atta45_taxonomy-mobiltillbehor-mobiltillbehor-sv","12":"first","13":"instock","14":"taxable","15":"shipping-taxable","16":"purchasable","17":"product-type-variable"},"acf":[],"_links":{"self":[{"href":"https:\/\/www.atta45.se\/e-butik\/wp-json\/wp\/v2\/product\/305633","targetHints":{"allow":["GET"]}}],"collection":[{"href":"https:\/\/www.atta45.se\/e-butik\/wp-json\/wp\/v2\/product"}],"about":[{"href":"https:\/\/www.atta45.se\/e-butik\/wp-json\/wp\/v2\/types\/product"}],"wp:featuredmedia":[{"embeddable":true,"href":"https:\/\/www.atta45.se\/e-butik\/wp-json\/wp\/v2\/media\/305634"}],"wp:attachment":[{"href":"https:\/\/www.atta45.se\/e-butik\/wp-json\/wp\/v2\/media?parent=305633"}],"wp:term":[{"taxonomy":"product_brand","embeddable":true,"href":"https:\/\/www.atta45.se\/e-butik\/wp-json\/wp\/v2\/product_brand?post=305633"},{"taxonomy":"product_cat","embeddable":true,"href":"https:\/\/www.atta45.se\/e-butik\/wp-json\/wp\/v2\/product_cat?post=305633"},{"taxonomy":"product_tag","embeddable":true,"href":"https:\/\/www.atta45.se\/e-butik\/wp-json\/wp\/v2\/product_tag?post=305633"}],"curies":[{"name":"wp","href":"https:\/\/api.w.org\/{rel}","templated":true}]}}