{"id":305593,"date":"2025-04-17T01:36:14","date_gmt":"2025-04-16T23:36:14","guid":{"rendered":"https:\/\/www.atta45.se\/e-butik\/produkt\/traspel-hank\/"},"modified":"2025-10-27T21:12:30","modified_gmt":"2025-10-27T20:12:30","slug":"traspel-hank","status":"publish","type":"product","link":"https:\/\/www.atta45.se\/e-butik\/produkt\/traspel-hank\/","title":{"rendered":"Tr\u00e4spel Hank"},"content":{"rendered":"<p>Schack- och damspel i tr\u00e4 i en bomullsp\u00e5se med dragsko. Inneh\u00e5ller ett 6-bitars tryckt pussel (svart\/naturlig spelplan) f\u00f6r att montera spelbr\u00e4dena, och 16 tryckta spelpj\u00e4ser med schackspelardesign i natur och svart. Inkluderar spelinstruktioner. Etikett inuti p\u00e5sen. Spelplanen \u00e4r gjord av polywood och spelpj\u00e4serna \u00e4r gjorda av furu.<\/p>\n","protected":false},"excerpt":{"rendered":"<p>Schack- och damspel i tr\u00e4 i en bomullsp\u00e5se med dragsko. Inneh\u00e5ller ett 6-bitars tryckt pussel (svart\/naturlig spelplan) f\u00f6r att montera spelbr\u00e4dena, och 16 tryckta spelpj\u00e4ser med schackspelardesign i natur och svart. Inkluderar spelinstruktioner. Etikett inuti p\u00e5sen. Spelplanen \u00e4r gjord av polywood och spelpj\u00e4serna \u00e4r gjorda av furu.<\/p>\n","protected":false},"featured_media":305594,"template":"","meta":{"_acf_changed":false,"_seopress_robots_primary_cat":"","_seopress_titles_title":"","_seopress_titles_desc":"","_seopress_robots_index":""},"product_brand":[],"product_cat":[15],"product_tag":[],"class_list":{"0":"post-305593","1":"product","2":"type-product","3":"status-publish","4":"has-post-thumbnail","6":"product_cat-okategoriserad","7":"atta45_taxonomy-tema-inspiration-grona-intryck-sv","8":"atta45_taxonomy-fritid-spel-leksaker-leksaker-sv","9":"atta45_taxonomy-fritid-spel-leksaker-spel-sv","10":"atta45_taxonomy-fritid-spel-leksaker-sv","12":"first","13":"instock","14":"taxable","15":"shipping-taxable","16":"purchasable","17":"product-type-variable"},"acf":[],"_links":{"self":[{"href":"https:\/\/www.atta45.se\/e-butik\/wp-json\/wp\/v2\/product\/305593","targetHints":{"allow":["GET"]}}],"collection":[{"href":"https:\/\/www.atta45.se\/e-butik\/wp-json\/wp\/v2\/product"}],"about":[{"href":"https:\/\/www.atta45.se\/e-butik\/wp-json\/wp\/v2\/types\/product"}],"wp:featuredmedia":[{"embeddable":true,"href":"https:\/\/www.atta45.se\/e-butik\/wp-json\/wp\/v2\/media\/305594"}],"wp:attachment":[{"href":"https:\/\/www.atta45.se\/e-butik\/wp-json\/wp\/v2\/media?parent=305593"}],"wp:term":[{"taxonomy":"product_brand","embeddable":true,"href":"https:\/\/www.atta45.se\/e-butik\/wp-json\/wp\/v2\/product_brand?post=305593"},{"taxonomy":"product_cat","embeddable":true,"href":"https:\/\/www.atta45.se\/e-butik\/wp-json\/wp\/v2\/product_cat?post=305593"},{"taxonomy":"product_tag","embeddable":true,"href":"https:\/\/www.atta45.se\/e-butik\/wp-json\/wp\/v2\/product_tag?post=305593"}],"curies":[{"name":"wp","href":"https:\/\/api.w.org\/{rel}","templated":true}]}}