{"id":305556,"date":"2025-04-17T01:31:13","date_gmt":"2025-04-16T23:31:13","guid":{"rendered":"https:\/\/www.atta45.se\/e-butik\/produkt\/shoppingkasse-i-denim-280-g-m%c2%b2-gretchen\/"},"modified":"2025-10-27T21:12:16","modified_gmt":"2025-10-27T20:12:16","slug":"shoppingkasse-i-denim-280-g-m%c2%b2-gretchen","status":"publish","type":"product","link":"https:\/\/www.atta45.se\/e-butik\/produkt\/shoppingkasse-i-denim-280-g-m%c2%b2-gretchen\/","title":{"rendered":"Shoppingkasse i denim (280 g\/m\u00b2) Gretchen"},"content":{"rendered":"<p>Shoppingkasse i denim (280 g\/m\u00b2) med 15 centimeter b\u00e4lg och l\u00e5nga handtag i canvas (280 g\/m\u00b2). Denimtyget \u00e4r tillverkat av 65 % polyester och 35 % bomull. Har en tryckknapp f\u00f6r att st\u00e4nga p\u00e5sen. Denimf\u00e4rgens tjocklek \u00e4r upp till 2-3 niv\u00e5er.<\/p>\n","protected":false},"excerpt":{"rendered":"<p>Shoppingkasse i denim (280 g\/m\u00b2) med 15 centimeter b\u00e4lg och l\u00e5nga handtag i canvas (280 g\/m\u00b2). Denimtyget \u00e4r tillverkat av 65 % polyester och 35 % bomull. Har en tryckknapp f\u00f6r att st\u00e4nga p\u00e5sen. Denimf\u00e4rgens tjocklek \u00e4r upp till 2-3 niv\u00e5er.<\/p>\n","protected":false},"featured_media":305557,"template":"","meta":{"_acf_changed":false,"_seopress_robots_primary_cat":"","_seopress_titles_title":"","_seopress_titles_desc":"","_seopress_robots_index":""},"product_brand":[],"product_cat":[15],"product_tag":[],"class_list":{"0":"post-305556","1":"product","2":"type-product","3":"status-publish","4":"has-post-thumbnail","6":"product_cat-okategoriserad","7":"atta45_taxonomy-kassar-pasar-kassar-sv","8":"atta45_taxonomy-textil-vaskor-bagar-sv","9":"atta45_taxonomy-vaskor-resetillbehor-sv","11":"first","12":"instock","13":"taxable","14":"shipping-taxable","15":"purchasable","16":"product-type-variable"},"acf":[],"_links":{"self":[{"href":"https:\/\/www.atta45.se\/e-butik\/wp-json\/wp\/v2\/product\/305556","targetHints":{"allow":["GET"]}}],"collection":[{"href":"https:\/\/www.atta45.se\/e-butik\/wp-json\/wp\/v2\/product"}],"about":[{"href":"https:\/\/www.atta45.se\/e-butik\/wp-json\/wp\/v2\/types\/product"}],"wp:featuredmedia":[{"embeddable":true,"href":"https:\/\/www.atta45.se\/e-butik\/wp-json\/wp\/v2\/media\/305557"}],"wp:attachment":[{"href":"https:\/\/www.atta45.se\/e-butik\/wp-json\/wp\/v2\/media?parent=305556"}],"wp:term":[{"taxonomy":"product_brand","embeddable":true,"href":"https:\/\/www.atta45.se\/e-butik\/wp-json\/wp\/v2\/product_brand?post=305556"},{"taxonomy":"product_cat","embeddable":true,"href":"https:\/\/www.atta45.se\/e-butik\/wp-json\/wp\/v2\/product_cat?post=305556"},{"taxonomy":"product_tag","embeddable":true,"href":"https:\/\/www.atta45.se\/e-butik\/wp-json\/wp\/v2\/product_tag?post=305556"}],"curies":[{"name":"wp","href":"https:\/\/api.w.org\/{rel}","templated":true}]}}