{"id":305539,"date":"2025-04-17T01:29:13","date_gmt":"2025-04-16T23:29:13","guid":{"rendered":"https:\/\/www.atta45.se\/e-butik\/produkt\/forklade-i-denim-280-g-m%c2%b2-greg\/"},"modified":"2025-10-27T21:11:31","modified_gmt":"2025-10-27T20:11:31","slug":"forklade-i-denim-280-g-m%c2%b2-greg","status":"publish","type":"product","link":"https:\/\/www.atta45.se\/e-butik\/produkt\/forklade-i-denim-280-g-m%c2%b2-greg\/","title":{"rendered":"F\u00f6rkl\u00e4de i denim (280 g\/m\u00b2) Greg"},"content":{"rendered":"<p>Denimf\u00f6rkl\u00e4de (280 g\/m\u00b2) med axelband och tv\u00e5 fickor fram. Denimtyget \u00e4r tillverkat av 65 % polyester och 35 % bomull. Detta f\u00f6rkl\u00e4de har ingen nackrem, endast axelremmar. Denimf\u00e4rgens tjocklek \u00e4r upp till 2-3 niv\u00e5er. Individuellt f\u00f6rpackad i en presentf\u00f6rpackning i brun kartong.<\/p>\n","protected":false},"excerpt":{"rendered":"<p>Denimf\u00f6rkl\u00e4de (280 g\/m\u00b2) med axelband och tv\u00e5 fickor fram. Denimtyget \u00e4r tillverkat av 65 % polyester och 35 % bomull. Detta f\u00f6rkl\u00e4de har ingen nackrem, endast axelremmar. Denimf\u00e4rgens tjocklek \u00e4r upp till 2-3 niv\u00e5er. Individuellt f\u00f6rpackad i en presentf\u00f6rpackning i brun kartong.<\/p>\n","protected":false},"featured_media":305540,"template":"","meta":{"_acf_changed":false,"_seopress_robots_primary_cat":"","_seopress_titles_title":"","_seopress_titles_desc":"","_seopress_robots_index":""},"product_brand":[],"product_cat":[15],"product_tag":[],"class_list":{"0":"post-305539","1":"product","2":"type-product","3":"status-publish","4":"has-post-thumbnail","6":"product_cat-okategoriserad","7":"atta45_taxonomy-fritid-grilltillbehor-sv","8":"atta45_taxonomy-hem-hushall-koksartiklar-sv","10":"first","11":"instock","12":"taxable","13":"shipping-taxable","14":"purchasable","15":"product-type-variable"},"acf":[],"_links":{"self":[{"href":"https:\/\/www.atta45.se\/e-butik\/wp-json\/wp\/v2\/product\/305539","targetHints":{"allow":["GET"]}}],"collection":[{"href":"https:\/\/www.atta45.se\/e-butik\/wp-json\/wp\/v2\/product"}],"about":[{"href":"https:\/\/www.atta45.se\/e-butik\/wp-json\/wp\/v2\/types\/product"}],"wp:featuredmedia":[{"embeddable":true,"href":"https:\/\/www.atta45.se\/e-butik\/wp-json\/wp\/v2\/media\/305540"}],"wp:attachment":[{"href":"https:\/\/www.atta45.se\/e-butik\/wp-json\/wp\/v2\/media?parent=305539"}],"wp:term":[{"taxonomy":"product_brand","embeddable":true,"href":"https:\/\/www.atta45.se\/e-butik\/wp-json\/wp\/v2\/product_brand?post=305539"},{"taxonomy":"product_cat","embeddable":true,"href":"https:\/\/www.atta45.se\/e-butik\/wp-json\/wp\/v2\/product_cat?post=305539"},{"taxonomy":"product_tag","embeddable":true,"href":"https:\/\/www.atta45.se\/e-butik\/wp-json\/wp\/v2\/product_tag?post=305539"}],"curies":[{"name":"wp","href":"https:\/\/api.w.org\/{rel}","templated":true}]}}